{"id":178,"date":"2013-10-07T14:48:42","date_gmt":"2013-10-07T14:48:42","guid":{"rendered":"http:\/\/demo.qodeinteractive.com\/bridge3\/?page_id=178"},"modified":"2016-05-11T21:46:55","modified_gmt":"2016-05-11T18:46:55","slug":"imren-plastik-urunler","status":"publish","type":"page","link":"https:\/\/www.imrenplastik.com.tr\/tr\/imren-plastik-urunler\/","title":{"rendered":"\u00dcR\u00dcNLER"},"content":{"rendered":"<p>[vc_row row_type=&#8221;row&#8221; use_row_as_full_screen_section=&#8221;no&#8221; type=&#8221;full_width&#8221; angled_section=&#8221;no&#8221; text_align=&#8221;left&#8221; background_image_as_pattern=&#8221;without_pattern&#8221; padding_top=&#8221;0&#8243; css_animation=&#8221;&#8221;][vc_column]<div class='projects_holder_outer v3 portfolio_with_space portfolio_standard '><div class='projects_holder portfolio_main_holder clearfix v3 standard portfolio_full_image '>\n<article class='mix portfolio_category_135 ' style=''><div class=\"item_holder thin_plus_only\"><div class=\"text_holder\"><div class=\"text_holder_outer\"><div class=\"text_holder_inner\"><span class=\"thin_plus_only_icon\"><\/span><\/div><\/div><\/div><a itemprop=\"url\" class=\"portfolio_link_class\" title=\"BEYAZ E\u015eYA D\u00dc\u011eME VE MEKAN\u0130ZMALARI\" href=\"https:\/\/www.imrenplastik.com.tr\/tr\/urunler\/beyaz-esya-dugme-ve-mekanizmalari\/\"><\/a><div  class=\"portfolio_shader\"><\/div><div class=\"image_holder\"><span class=\"image\"><img loading=\"lazy\" decoding=\"async\" width=\"1100\" height=\"600\" src=\"https:\/\/www.imrenplastik.com.tr\/wp-content\/uploads\/2016\/05\/beyaz-esya-dugmeleri-09.jpg\" class=\"attachment-full size-full wp-post-image\" alt=\"\" srcset=\"https:\/\/www.imrenplastik.com.tr\/wp-content\/uploads\/2016\/05\/beyaz-esya-dugmeleri-09.jpg 1100w, https:\/\/www.imrenplastik.com.tr\/wp-content\/uploads\/2016\/05\/beyaz-esya-dugmeleri-09-300x164.jpg 300w, https:\/\/www.imrenplastik.com.tr\/wp-content\/uploads\/2016\/05\/beyaz-esya-dugmeleri-09-768x419.jpg 768w, https:\/\/www.imrenplastik.com.tr\/wp-content\/uploads\/2016\/05\/beyaz-esya-dugmeleri-09-1024x559.jpg 1024w, https:\/\/www.imrenplastik.com.tr\/wp-content\/uploads\/2016\/05\/beyaz-esya-dugmeleri-09-700x382.jpg 700w\" sizes=\"(max-width: 1100px) 100vw, 1100px\" \/><\/span><\/div><\/div><div class='portfolio_description ' style=border-style:solid;border-color:#eeeeee;border-width:1px;background-color:#f8f8f8;'><h5 itemprop=\"headings\" class=\"portfolio_title entry_title\"><a itemprop=\"url\" href=\"https:\/\/www.imrenplastik.com.tr\/tr\/urunler\/beyaz-esya-dugme-ve-mekanizmalari\/\" target=\"_self\" >BEYAZ E\u015eYA D\u00dc\u011eME VE MEKAN\u0130ZMALARI<\/a><\/h5><\/div><\/article>\n<article class='mix portfolio_category_135 ' style=''><div class=\"item_holder thin_plus_only\"><div class=\"text_holder\"><div class=\"text_holder_outer\"><div class=\"text_holder_inner\"><span class=\"thin_plus_only_icon\"><\/span><\/div><\/div><\/div><a itemprop=\"url\" class=\"portfolio_link_class\" title=\"BEYAZ E\u015eYA PLAST\u0130K AKSAMLARI\" href=\"https:\/\/www.imrenplastik.com.tr\/tr\/urunler\/beyaz-esya-plastik-aksamlari\/\"><\/a><div  class=\"portfolio_shader\"><\/div><div class=\"image_holder\"><span class=\"image\"><img loading=\"lazy\" decoding=\"async\" width=\"1100\" height=\"600\" src=\"https:\/\/www.imrenplastik.com.tr\/wp-content\/uploads\/2016\/05\/beyaz-esya-plastik-urunleri-18.jpg\" class=\"attachment-full size-full wp-post-image\" alt=\"\" srcset=\"https:\/\/www.imrenplastik.com.tr\/wp-content\/uploads\/2016\/05\/beyaz-esya-plastik-urunleri-18.jpg 1100w, https:\/\/www.imrenplastik.com.tr\/wp-content\/uploads\/2016\/05\/beyaz-esya-plastik-urunleri-18-300x164.jpg 300w, https:\/\/www.imrenplastik.com.tr\/wp-content\/uploads\/2016\/05\/beyaz-esya-plastik-urunleri-18-768x419.jpg 768w, https:\/\/www.imrenplastik.com.tr\/wp-content\/uploads\/2016\/05\/beyaz-esya-plastik-urunleri-18-1024x559.jpg 1024w, https:\/\/www.imrenplastik.com.tr\/wp-content\/uploads\/2016\/05\/beyaz-esya-plastik-urunleri-18-700x382.jpg 700w\" sizes=\"(max-width: 1100px) 100vw, 1100px\" \/><\/span><\/div><\/div><div class='portfolio_description ' style=border-style:solid;border-color:#eeeeee;border-width:1px;background-color:#f8f8f8;'><h5 itemprop=\"headings\" class=\"portfolio_title entry_title\"><a itemprop=\"url\" href=\"https:\/\/www.imrenplastik.com.tr\/tr\/urunler\/beyaz-esya-plastik-aksamlari\/\" target=\"_self\" >BEYAZ E\u015eYA PLAST\u0130K AKSAMLARI<\/a><\/h5><\/div><\/article>\n<article class='mix portfolio_category_135 ' style=''><div class=\"item_holder thin_plus_only\"><div class=\"text_holder\"><div class=\"text_holder_outer\"><div class=\"text_holder_inner\"><span class=\"thin_plus_only_icon\"><\/span><\/div><\/div><\/div><a itemprop=\"url\" class=\"portfolio_link_class\" title=\"OTOMOT\u0130V \u00dcR\u00dcNLER\u0130\" href=\"https:\/\/www.imrenplastik.com.tr\/tr\/urunler\/otomotiv-urunleri\/\"><\/a><div  class=\"portfolio_shader\"><\/div><div class=\"image_holder\"><span class=\"image\"><img loading=\"lazy\" decoding=\"async\" width=\"1100\" height=\"600\" src=\"https:\/\/www.imrenplastik.com.tr\/wp-content\/uploads\/2016\/05\/1.jpg\" class=\"attachment-full size-full wp-post-image\" alt=\"\" srcset=\"https:\/\/www.imrenplastik.com.tr\/wp-content\/uploads\/2016\/05\/1.jpg 1100w, https:\/\/www.imrenplastik.com.tr\/wp-content\/uploads\/2016\/05\/1-300x164.jpg 300w, https:\/\/www.imrenplastik.com.tr\/wp-content\/uploads\/2016\/05\/1-768x419.jpg 768w, https:\/\/www.imrenplastik.com.tr\/wp-content\/uploads\/2016\/05\/1-1024x559.jpg 1024w, https:\/\/www.imrenplastik.com.tr\/wp-content\/uploads\/2016\/05\/1-700x382.jpg 700w\" sizes=\"(max-width: 1100px) 100vw, 1100px\" \/><\/span><\/div><\/div><div class='portfolio_description ' style=border-style:solid;border-color:#eeeeee;border-width:1px;background-color:#f8f8f8;'><h5 itemprop=\"headings\" class=\"portfolio_title entry_title\"><a itemprop=\"url\" href=\"https:\/\/www.imrenplastik.com.tr\/tr\/urunler\/otomotiv-urunleri\/\" target=\"_self\" >OTOMOT\u0130V \u00dcR\u00dcNLER\u0130<\/a><\/h5><\/div><\/article>\n<article class='mix portfolio_category_135 ' style=''><div class=\"item_holder thin_plus_only\"><div class=\"text_holder\"><div class=\"text_holder_outer\"><div class=\"text_holder_inner\"><span class=\"thin_plus_only_icon\"><\/span><\/div><\/div><\/div><a itemprop=\"url\" class=\"portfolio_link_class\" title=\"MOB\u0130LYA \u00dcR\u00dcNLER\u0130\" href=\"https:\/\/www.imrenplastik.com.tr\/tr\/urunler\/mobilya-urunleri\/\"><\/a><div  class=\"portfolio_shader\"><\/div><div class=\"image_holder\"><span class=\"image\"><img loading=\"lazy\" decoding=\"async\" width=\"1100\" height=\"600\" src=\"https:\/\/www.imrenplastik.com.tr\/wp-content\/uploads\/2016\/05\/mobilya-parcalari-1.jpg\" class=\"attachment-full size-full wp-post-image\" alt=\"\" srcset=\"https:\/\/www.imrenplastik.com.tr\/wp-content\/uploads\/2016\/05\/mobilya-parcalari-1.jpg 1100w, https:\/\/www.imrenplastik.com.tr\/wp-content\/uploads\/2016\/05\/mobilya-parcalari-1-300x164.jpg 300w, https:\/\/www.imrenplastik.com.tr\/wp-content\/uploads\/2016\/05\/mobilya-parcalari-1-768x419.jpg 768w, https:\/\/www.imrenplastik.com.tr\/wp-content\/uploads\/2016\/05\/mobilya-parcalari-1-1024x559.jpg 1024w, https:\/\/www.imrenplastik.com.tr\/wp-content\/uploads\/2016\/05\/mobilya-parcalari-1-700x382.jpg 700w\" sizes=\"(max-width: 1100px) 100vw, 1100px\" \/><\/span><\/div><\/div><div class='portfolio_description ' style=border-style:solid;border-color:#eeeeee;border-width:1px;background-color:#f8f8f8;'><h5 itemprop=\"headings\" class=\"portfolio_title entry_title\"><a itemprop=\"url\" href=\"https:\/\/www.imrenplastik.com.tr\/tr\/urunler\/mobilya-urunleri\/\" target=\"_self\" >MOB\u0130LYA \u00dcR\u00dcNLER\u0130<\/a><\/h5><\/div><\/article>\n<article class='mix portfolio_category_135 ' style=''><div class=\"item_holder thin_plus_only\"><div class=\"text_holder\"><div class=\"text_holder_outer\"><div class=\"text_holder_inner\"><span class=\"thin_plus_only_icon\"><\/span><\/div><\/div><\/div><a itemprop=\"url\" class=\"portfolio_link_class\" title=\"KALIPLAR\" href=\"https:\/\/www.imrenplastik.com.tr\/tr\/urunler\/kaliplar\/\"><\/a><div  class=\"portfolio_shader\"><\/div><div class=\"image_holder\"><span class=\"image\"><img loading=\"lazy\" decoding=\"async\" width=\"1100\" height=\"600\" src=\"https:\/\/www.imrenplastik.com.tr\/wp-content\/uploads\/2016\/05\/11.jpg\" class=\"attachment-full size-full wp-post-image\" alt=\"\" srcset=\"https:\/\/www.imrenplastik.com.tr\/wp-content\/uploads\/2016\/05\/11.jpg 1100w, https:\/\/www.imrenplastik.com.tr\/wp-content\/uploads\/2016\/05\/11-300x164.jpg 300w, https:\/\/www.imrenplastik.com.tr\/wp-content\/uploads\/2016\/05\/11-768x419.jpg 768w, https:\/\/www.imrenplastik.com.tr\/wp-content\/uploads\/2016\/05\/11-1024x559.jpg 1024w, https:\/\/www.imrenplastik.com.tr\/wp-content\/uploads\/2016\/05\/11-700x382.jpg 700w\" sizes=\"(max-width: 1100px) 100vw, 1100px\" \/><\/span><\/div><\/div><div class='portfolio_description ' style=border-style:solid;border-color:#eeeeee;border-width:1px;background-color:#f8f8f8;'><h5 itemprop=\"headings\" class=\"portfolio_title entry_title\"><a itemprop=\"url\" href=\"https:\/\/www.imrenplastik.com.tr\/tr\/urunler\/kaliplar\/\" target=\"_self\" >KALIPLAR<\/a><\/h5><\/div><\/article>\n<article class='mix portfolio_category_135 ' style=''><div class=\"item_holder thin_plus_only\"><div class=\"text_holder\"><div class=\"text_holder_outer\"><div class=\"text_holder_inner\"><span class=\"thin_plus_only_icon\"><\/span><\/div><\/div><\/div><a itemprop=\"url\" class=\"portfolio_link_class\" title=\"ELEKTR\u0130K ELEKTRON\u0130K \u00dcR\u00dcNLER\" href=\"https:\/\/www.imrenplastik.com.tr\/tr\/urunler\/elektrik-elektronik-urunler\/\"><\/a><div  class=\"portfolio_shader\"><\/div><div class=\"image_holder\"><span class=\"image\"><img loading=\"lazy\" decoding=\"async\" width=\"1100\" height=\"600\" src=\"https:\/\/www.imrenplastik.com.tr\/wp-content\/uploads\/2016\/05\/elektrik-elektronik-plastik-kalip-01.jpg\" class=\"attachment-full size-full wp-post-image\" alt=\"\" srcset=\"https:\/\/www.imrenplastik.com.tr\/wp-content\/uploads\/2016\/05\/elektrik-elektronik-plastik-kalip-01.jpg 1100w, https:\/\/www.imrenplastik.com.tr\/wp-content\/uploads\/2016\/05\/elektrik-elektronik-plastik-kalip-01-300x164.jpg 300w, https:\/\/www.imrenplastik.com.tr\/wp-content\/uploads\/2016\/05\/elektrik-elektronik-plastik-kalip-01-768x419.jpg 768w, https:\/\/www.imrenplastik.com.tr\/wp-content\/uploads\/2016\/05\/elektrik-elektronik-plastik-kalip-01-1024x559.jpg 1024w, https:\/\/www.imrenplastik.com.tr\/wp-content\/uploads\/2016\/05\/elektrik-elektronik-plastik-kalip-01-700x382.jpg 700w\" sizes=\"(max-width: 1100px) 100vw, 1100px\" \/><\/span><\/div><\/div><div class='portfolio_description ' style=border-style:solid;border-color:#eeeeee;border-width:1px;background-color:#f8f8f8;'><h5 itemprop=\"headings\" class=\"portfolio_title entry_title\"><a itemprop=\"url\" href=\"https:\/\/www.imrenplastik.com.tr\/tr\/urunler\/elektrik-elektronik-urunler\/\" target=\"_self\" >ELEKTR\u0130K ELEKTRON\u0130K \u00dcR\u00dcNLER<\/a><\/h5><\/div><\/article>\n<div class='filler'><\/div>\n<div class='filler'><\/div>\n<div class='filler'><\/div>\n<\/div><\/div>[vc_separator type=&#8221;transparent&#8221; up=&#8221;20&#8243; down=&#8221;20&#8243;][\/vc_column][\/vc_row]<\/p>\n","protected":false},"excerpt":{"rendered":"<p>[vc_row row_type=&#8221;row&#8221; use_row_as_full_screen_section=&#8221;no&#8221; type=&#8221;full_width&#8221; angled_section=&#8221;no&#8221; text_align=&#8221;left&#8221; background_image_as_pattern=&#8221;without_pattern&#8221; padding_top=&#8221;0&#8243; css_animation=&#8221;&#8221;][vc_column][vc_separator type=&#8221;transparent&#8221; up=&#8221;20&#8243; down=&#8221;20&#8243;][\/vc_column][\/vc_row]<\/p>\n","protected":false},"author":1,"featured_media":0,"parent":0,"menu_order":0,"comment_status":"open","ping_status":"open","template":"","meta":{"footnotes":""},"_links":{"self":[{"href":"https:\/\/www.imrenplastik.com.tr\/tr\/wp-json\/wp\/v2\/pages\/178"}],"collection":[{"href":"https:\/\/www.imrenplastik.com.tr\/tr\/wp-json\/wp\/v2\/pages"}],"about":[{"href":"https:\/\/www.imrenplastik.com.tr\/tr\/wp-json\/wp\/v2\/types\/page"}],"author":[{"embeddable":true,"href":"https:\/\/www.imrenplastik.com.tr\/tr\/wp-json\/wp\/v2\/users\/1"}],"replies":[{"embeddable":true,"href":"https:\/\/www.imrenplastik.com.tr\/tr\/wp-json\/wp\/v2\/comments?post=178"}],"version-history":[{"count":3,"href":"https:\/\/www.imrenplastik.com.tr\/tr\/wp-json\/wp\/v2\/pages\/178\/revisions"}],"predecessor-version":[{"id":16120,"href":"https:\/\/www.imrenplastik.com.tr\/tr\/wp-json\/wp\/v2\/pages\/178\/revisions\/16120"}],"wp:attachment":[{"href":"https:\/\/www.imrenplastik.com.tr\/tr\/wp-json\/wp\/v2\/media?parent=178"}],"curies":[{"name":"wp","href":"https:\/\/api.w.org\/{rel}","templated":true}]}}