{"id":17202,"date":"2024-05-03T13:13:33","date_gmt":"2024-05-03T10:13:33","guid":{"rendered":"https:\/\/www.imrenplastik.com.tr\/?page_id=17202"},"modified":"2026-01-12T13:22:33","modified_gmt":"2026-01-12T10:22:33","slug":"kurumsal","status":"publish","type":"page","link":"https:\/\/www.imrenplastik.com.tr\/tr\/kurumsal\/","title":{"rendered":"KURUMSAL"},"content":{"rendered":"<p>[vc_row row_type=&#8221;row&#8221; use_row_as_full_screen_section=&#8221;no&#8221; type=&#8221;grid&#8221; anchor=&#8221;portfolio&#8221; angled_section=&#8221;no&#8221; text_align=&#8221;left&#8221; background_image_as_pattern=&#8221;without_pattern&#8221; background_color=&#8221;#ffffff&#8221; border_color=&#8221;#eeeeee&#8221; padding_top=&#8221;82&#8243; padding_bottom=&#8221;0&#8243; css_animation=&#8221;&#8221;][vc_column][vc_column_text]<\/p>\n<h2 style=\"text-align: center;\">KURUMSAL<\/h2>\n<p>[\/vc_column_text][vc_separator type=&#8221;small&#8221; position=&#8221;center&#8221; color=&#8221;#818181&#8243; up=&#8221;20&#8243; down=&#8221;80&#8243;][vc_row_inner row_type=&#8221;row&#8221; type=&#8221;full_width&#8221; text_align=&#8221;left&#8221; css_animation=&#8221;&#8221;][vc_column_inner width=&#8221;1\/2&#8243;][vc_column_text]<\/p>\n<h5>Kurumsal<\/h5>\n<p>[\/vc_column_text][vc_separator type=&#8221;transparent&#8221; up=&#8221;12&#8243; down=&#8221;0&#8243;][vc_column_text]<\/p>\n<ul>\n<li><a href=\"https:\/\/www.imrenplastik.com.tr\/wp-content\/uploads\/2024\/05\/Imren-Plastik-Is-Etigi-Kurallari.pdf\" target=\"_blank\" rel=\"noopener\">\u0130\u015f Eti\u011fi Kurallar\u0131<\/a><\/li>\n<li style=\"text-align: justify;\"><a href=\"https:\/\/www.imrenplastik.com.tr\/wp-content\/uploads\/2024\/05\/Catisma-Mineralleri-Politikasi.pdf\" target=\"_blank\" rel=\"noopener\">\u00c7at\u0131\u015fma Mineralleri Politikas\u0131<\/a><\/li>\n<li><a href=\"https:\/\/www.imrenplastik.com.tr\/wp-content\/uploads\/2024\/05\/EYS-Politikasi.pdf\" target=\"_blank\" rel=\"noopener\">EYS-Politikas\u0131<\/a><\/li>\n<li><a href=\"https:\/\/www.imrenplastik.com.tr\/wp-content\/uploads\/2024\/05\/Insan-Haklari-Politikasi.pdf\" target=\"_blank\" rel=\"noopener\">\u0130nsan Haklar\u0131 Politikas\u0131<\/a><\/li>\n<li><a href=\"https:\/\/www.imrenplastik.com.tr\/wp-content\/uploads\/2024\/05\/Sorumlu-Satinalma-Politikasi.pdf\" target=\"_blank\" rel=\"noopener\">Sorumlu Sat\u0131nalma Politikas\u0131<\/a><\/li>\n<li><a href=\"https:\/\/www.imrenplastik.com.tr\/wp-content\/uploads\/2024\/05\/Surdurulebilirlik-Politikasi.pdf\" target=\"_blank\" rel=\"noopener\">S\u00fcrd\u00fcr\u00fclebilirlik Politikas\u0131<\/a><\/li>\n<li><a href=\"https:\/\/www.imrenplastik.com.tr\/wp-content\/uploads\/2024\/05\/Toplumsal-Cinsiyet-Esitligi-Politikasi.pdf\" target=\"_blank\" rel=\"noopener\">Toplumsal Cinsiyet E\u015fitli\u011fi Politikas\u0131<\/a><\/li>\n<li><a href=\"https:\/\/www.imrenplastik.com.tr\/wp-content\/uploads\/2026\/01\/Surdurulebilirlik-Hedefleri-Deklerasyonu-2026.pdf\" target=\"_blank\" rel=\"noopener\">S\u00fcrd\u00fcr\u00fclebilirlik Hedefleri Deklarasyonu<\/a><\/li>\n<li><a href=\"https:\/\/www.imrenplastik.com.tr\/wp-content\/uploads\/2026\/01\/Biocesitlilik-Politikasi.pdf\" target=\"_blank\" rel=\"noopener\">Bio\u00e7e\u015fitlilik Politikas\u0131<\/a><\/li>\n<li><a href=\"https:\/\/www.imrenplastik.com.tr\/wp-content\/uploads\/2026\/01\/Bilgi-Guvenligi-Politikasi.pdf\" target=\"_blank\" rel=\"noopener\">Bilgi G\u00fcvenli\u011fi Politikas\u0131<\/a><\/li>\n<li><a href=\"https:\/\/www.imrenplastik.com.tr\/wp-content\/uploads\/2026\/01\/Iklim-Degisikligi-Politikasi.pdf\" target=\"_blank\" rel=\"noopener\">\u0130klim De\u011fi\u015fikli\u011fi Politikas\u0131<\/a><\/li>\n<\/ul>\n<p>[\/vc_column_text][vc_separator type=&#8221;transparent&#8221; up=&#8221;111&#8243; down=&#8221;0&#8243;][\/vc_column_inner][vc_column_inner width=&#8221;1\/2&#8243;][vc_single_image image=&#8221;16217&#8243; img_size=&#8221;full&#8221; add_caption=&#8221;yes&#8221; alignment=&#8221;center&#8221; style=&#8221;vc_box_shadow_border&#8221; onclick=&#8221;link_image&#8221; qode_css_animation=&#8221;&#8221;][vc_separator type=&#8221;transparent&#8221; up=&#8221;10&#8243; down=&#8221;0&#8243;][vc_separator type=&#8221;transparent&#8221; up=&#8221;111&#8243; down=&#8221;0&#8243;][\/vc_column_inner][\/vc_row_inner][\/vc_column][\/vc_row]<\/p>\n","protected":false},"excerpt":{"rendered":"<p>[vc_row row_type=&#8221;row&#8221; use_row_as_full_screen_section=&#8221;no&#8221; type=&#8221;grid&#8221; anchor=&#8221;portfolio&#8221; angled_section=&#8221;no&#8221; text_align=&#8221;left&#8221; background_image_as_pattern=&#8221;without_pattern&#8221; background_color=&#8221;#ffffff&#8221; border_color=&#8221;#eeeeee&#8221; padding_top=&#8221;82&#8243; padding_bottom=&#8221;0&#8243; css_animation=&#8221;&#8221;][vc_column][vc_column_text] KURUMSAL [\/vc_column_text][vc_separator type=&#8221;small&#8221; position=&#8221;center&#8221; color=&#8221;#818181&#8243; up=&#8221;20&#8243; down=&#8221;80&#8243;][vc_row_inner row_type=&#8221;row&#8221; type=&#8221;full_width&#8221; text_align=&#8221;left&#8221; css_animation=&#8221;&#8221;][vc_column_inner width=&#8221;1\/2&#8243;][vc_column_text] Kurumsal [\/vc_column_text][vc_separator type=&#8221;transparent&#8221; up=&#8221;12&#8243; down=&#8221;0&#8243;][vc_column_text] \u0130\u015f Eti\u011fi Kurallar\u0131 \u00c7at\u0131\u015fma Mineralleri Politikas\u0131 EYS-Politikas\u0131 \u0130nsan Haklar\u0131 Politikas\u0131 Sorumlu Sat\u0131nalma Politikas\u0131 S\u00fcrd\u00fcr\u00fclebilirlik Politikas\u0131&#8230;<\/p>\n","protected":false},"author":1,"featured_media":0,"parent":0,"menu_order":0,"comment_status":"open","ping_status":"open","template":"full_width.php","meta":{"footnotes":""},"_links":{"self":[{"href":"https:\/\/www.imrenplastik.com.tr\/tr\/wp-json\/wp\/v2\/pages\/17202"}],"collection":[{"href":"https:\/\/www.imrenplastik.com.tr\/tr\/wp-json\/wp\/v2\/pages"}],"about":[{"href":"https:\/\/www.imrenplastik.com.tr\/tr\/wp-json\/wp\/v2\/types\/page"}],"author":[{"embeddable":true,"href":"https:\/\/www.imrenplastik.com.tr\/tr\/wp-json\/wp\/v2\/users\/1"}],"replies":[{"embeddable":true,"href":"https:\/\/www.imrenplastik.com.tr\/tr\/wp-json\/wp\/v2\/comments?post=17202"}],"version-history":[{"count":21,"href":"https:\/\/www.imrenplastik.com.tr\/tr\/wp-json\/wp\/v2\/pages\/17202\/revisions"}],"predecessor-version":[{"id":17320,"href":"https:\/\/www.imrenplastik.com.tr\/tr\/wp-json\/wp\/v2\/pages\/17202\/revisions\/17320"}],"wp:attachment":[{"href":"https:\/\/www.imrenplastik.com.tr\/tr\/wp-json\/wp\/v2\/media?parent=17202"}],"curies":[{"name":"wp","href":"https:\/\/api.w.org\/{rel}","templated":true}]}}