{"id":16739,"date":"2021-01-22T09:25:09","date_gmt":"2021-01-22T06:25:09","guid":{"rendered":"https:\/\/www.imrenplastik.com.tr\/?page_id=16739"},"modified":"2021-01-22T23:46:32","modified_gmt":"2021-01-22T20:46:32","slug":"iletisim-formu-on-bilgilendirme","status":"publish","type":"page","link":"https:\/\/www.imrenplastik.com.tr\/tr\/iletisim-formu-on-bilgilendirme\/","title":{"rendered":"\u0130leti\u015fim Formu \u00d6n Bilgilendirme"},"content":{"rendered":"<p><strong>\u0130leti\u015fim Formu \u00d6n Bilgilendirme<\/strong><\/p>\n<p>\u0130mren Plastik Sanayi ve Ticaret Limited \u015eirketi ile www.imrenplastik.com.tr alan adl\u0131 internet sitesinin ileti\u015fim k\u0131sm\u0131ndan talep, \u015fik\u00e2yet veya \u00f6neri sunmaktas\u0131n\u0131z. Ba\u015fvuruda bulunaca\u011f\u0131n\u0131z alanda belirtece\u011finiz ki\u015fisel verileriniz ileti\u015fim nedeninizle orant\u0131l\u0131 ve s\u0131n\u0131rl\u0131 bir \u015fekilde, 6698 say\u0131l\u0131 Ki\u015fisel Verilerin Korunmas\u0131 Kanunu&#8217;nun \u00f6ng\u00f6rd\u00fc\u011f\u00fc \u015fartlarda i\u015flenmektedir. Ki\u015fisel verileriniz ile ilgili s\u00fcrece ve bu s\u00fcre\u00e7te sahip oldu\u011funuz haklara internet adresimizde yer alan <a href=\"https:\/\/www.imrenplastik.com.tr\/tr\/kvkk\/\"><strong>Ayd\u0131nlatma Metni<\/strong><\/a>&#8216;nden ula\u015fabilirsiniz. Bize iletmi\u015f oldu\u011funuz talep veya \u015fikayetinizde a\u015fa\u011f\u0131da s\u0131ralanan \u00f6zel nitelikli ki\u015fisel verilerin <strong>yer almad\u0131\u011f\u0131ndan<\/strong> emin olman\u0131z\u0131 rica ederiz:<\/p>\n<ul>\n<li>Irk,<\/li>\n<li>Etnik k\u00f6ken,<\/li>\n<li>Siyasi d\u00fc\u015f\u00fcnce,<\/li>\n<li>Felsefi inan\u00e7,<\/li>\n<li>Din, mezhep veya di\u011fer inan\u00e7lar,<\/li>\n<li>K\u0131l\u0131k ve k\u0131yafet,<\/li>\n<li>Dernek, vak\u0131f ya da sendika \u00fcyeli\u011fi,<\/li>\n<li>Sa\u011fl\u0131k, cinsel hayata ili\u015fkin veriler,<\/li>\n<li>Ceza mahk\u00fbmiyeti ve g\u00fcvenlik tedbirleriyle ilgili veriler,<\/li>\n<li>Biyometrik ve genetik veriler.<\/li>\n<\/ul>\n<p>&nbsp;<\/p>\n","protected":false},"excerpt":{"rendered":"<p>\u0130leti\u015fim Formu \u00d6n Bilgilendirme \u0130mren Plastik Sanayi ve Ticaret Limited \u015eirketi ile www.imrenplastik.com.tr alan adl\u0131 internet sitesinin ileti\u015fim k\u0131sm\u0131ndan talep, \u015fik\u00e2yet veya \u00f6neri sunmaktas\u0131n\u0131z. Ba\u015fvuruda bulunaca\u011f\u0131n\u0131z alanda belirtece\u011finiz ki\u015fisel verileriniz ileti\u015fim nedeninizle orant\u0131l\u0131 ve s\u0131n\u0131rl\u0131 bir \u015fekilde, 6698 say\u0131l\u0131 Ki\u015fisel Verilerin Korunmas\u0131 Kanunu&#8217;nun \u00f6ng\u00f6rd\u00fc\u011f\u00fc \u015fartlarda&#8230;<\/p>\n","protected":false},"author":1,"featured_media":0,"parent":0,"menu_order":0,"comment_status":"closed","ping_status":"closed","template":"","meta":{"footnotes":""},"_links":{"self":[{"href":"https:\/\/www.imrenplastik.com.tr\/tr\/wp-json\/wp\/v2\/pages\/16739"}],"collection":[{"href":"https:\/\/www.imrenplastik.com.tr\/tr\/wp-json\/wp\/v2\/pages"}],"about":[{"href":"https:\/\/www.imrenplastik.com.tr\/tr\/wp-json\/wp\/v2\/types\/page"}],"author":[{"embeddable":true,"href":"https:\/\/www.imrenplastik.com.tr\/tr\/wp-json\/wp\/v2\/users\/1"}],"replies":[{"embeddable":true,"href":"https:\/\/www.imrenplastik.com.tr\/tr\/wp-json\/wp\/v2\/comments?post=16739"}],"version-history":[{"count":4,"href":"https:\/\/www.imrenplastik.com.tr\/tr\/wp-json\/wp\/v2\/pages\/16739\/revisions"}],"predecessor-version":[{"id":16762,"href":"https:\/\/www.imrenplastik.com.tr\/tr\/wp-json\/wp\/v2\/pages\/16739\/revisions\/16762"}],"wp:attachment":[{"href":"https:\/\/www.imrenplastik.com.tr\/tr\/wp-json\/wp\/v2\/media?parent=16739"}],"curies":[{"name":"wp","href":"https:\/\/api.w.org\/{rel}","templated":true}]}}