{"id":16731,"date":"2021-01-22T09:12:29","date_gmt":"2021-01-22T06:12:29","guid":{"rendered":"https:\/\/www.imrenplastik.com.tr\/?page_id=16731"},"modified":"2025-02-27T09:58:17","modified_gmt":"2025-02-27T06:58:17","slug":"kvkk","status":"publish","type":"page","link":"https:\/\/www.imrenplastik.com.tr\/tr\/kvkk\/","title":{"rendered":"Ki\u015fisel Verilerin Korunmas\u0131 ve \u0130\u015flenmesine Dair Ayd\u0131nlatma Metni"},"content":{"rendered":"<p><strong>\u0130MREN PLAST\u0130K SANAY\u0130 VE T\u0130CARET L\u0130M\u0130TED \u015e\u0130RKET\u0130\u00a06698 SAYILI K\u0130\u015e\u0130SEL VER\u0130LER\u0130N KORUNMASI KANUNU KAPSAMINDA AYDINLATMA METN\u0130<\/strong><\/p>\n<p>\u0130mren Plastik Sanayi ve Ticaret Limited \u015eirketi 1994 y\u0131l\u0131nda kurulmu\u015ftur. \u015eirketimiz plastik enjeksiyon imalat\u0131 ve kal\u0131p imalat\u0131 ana konular\u0131 ile m\u00fc\u015fterilerine hizmet sunmaya devam etmektedir.<\/p>\n<p>Veri sorumlusu s\u0131fat\u0131n\u0131 haiz \u0130mren Plastik Sanayi ve Ticaret Limited \u015eirketi (&#8220;<strong>\u015eirket<\/strong>&#8220;)\u00a0y\u00fcr\u00fctmekte oldu\u011fu faaliyetler nedeniyle ki\u015fisel verilerinizin i\u015flenmesinde 6698 say\u0131l\u0131 Ki\u015fisel Verilerin Korunmas\u0131 Kanunu&#8217;na (&#8220;<strong>KVKK<\/strong>&#8220;) uygun olarak her t\u00fcrl\u00fc teknik ve hukuki tedbiri almaktad\u0131r. \u0130lgili ki\u015filer, ki\u015fisel verilerinin i\u015flenmesi, \u00fc\u00e7\u00fcnc\u00fc ki\u015filere\u00a0aktar\u0131lmas\u0131, ki\u015fisel veri toplaman\u0131n hukuki sebepleri ile KVKK&#8217;da yer alan haklar\u0131\u00a0konular\u0131nda detayl\u0131 bilgiye a\u015fa\u011f\u0131daki ayd\u0131nlatma metninden ula\u015fabilirler.<\/p>\n<p><strong>A. Ki\u015fisel Verilerin \u0130\u015flenme Ama\u00e7lar\u0131 ve Hukuki Sebebi<\/strong><br \/>\nM\u00fc\u015fterilerimizin ki\u015fisel verileri, T\u00fcrkiye Cumhuriyeti Anayasas\u0131 ba\u015fta olmak \u00fczere, 6698 say\u0131l\u0131 Ki\u015fisel Verileri Koruma Kanunu, 6563 say\u0131l\u0131 Elektronik Ticaretin D\u00fczenlenmesi Hakk\u0131nda Kanun, T\u00fcrk Ceza Kanunu ve ilgili mevzuatta yer alan h\u00fck\u00fcmlere uygun \u015fekilde i\u015flenmektedir.<\/p>\n<p>\u015eirket&#8217;in sundu\u011fu hizmetler kapsam\u0131nda ki\u015fisel verileriniz;<\/p>\n<ul>\n<li>Hukuka ve d\u00fcr\u00fcstl\u00fck kural\u0131n\u0131n \u00f6ng\u00f6rd\u00fc\u011f\u00fc bi\u00e7imde,<\/li>\n<li>Do\u011fru ve g\u00fcncel olarak,<\/li>\n<li>Belirli, a\u00e7\u0131k ve me\u015fru ama\u00e7lar i\u00e7in ve de<\/li>\n<li>\u0130\u015flenme ama\u00e7lar\u0131 ile ba\u011flant\u0131l\u0131, s\u0131n\u0131rl\u0131 ve \u00f6l\u00e7\u00fcl\u00fc olarak i\u015flenmektedir.<\/li>\n<\/ul>\n<p>\u0130nternet sitesi \u00fczerinden i\u015flenen ki\u015fisel verileriniz ad, soyad\u0131, e-posta adresi ve talep bilgisi olmak \u00fczere kimlik bilgisi, ileti\u015fim bilgisi ve m\u00fc\u015fteri i\u015flem bilgisidir.<\/p>\n<p>\u015eirketimize ait &#8220;www.imrenplastik.com.tr&#8221; alan adl\u0131 internet sitesinin belirli b\u00f6l\u00fcmlerinde yer alan \u00e7e\u015fitli formlara bilgi giri\u015fi yap\u0131lmak suretiyle payla\u015f\u0131labilecek ileti\u015fim verileri, bilgi giri\u015fi yapm\u0131\u015f oldu\u011funuz ileti\u015fim, \u015fikayet, sat\u0131n alma vb. formlar arac\u0131l\u0131\u011f\u0131yla bekledi\u011finiz faydan\u0131n ger\u00e7ekle\u015ftirilebilmesi, plastik \u00fcretim hizmetinin tedarik edilebilmesi, \u015fikayet bildirimi iletilebilmesi ve geri d\u00f6n\u00fc\u015f\u00fcn\u00fcn yap\u0131labilmesi ile bu konularda taraf\u0131n\u0131zla ileti\u015fim kurulabilmesi ama\u00e7lar\u0131yla s\u0131n\u0131rl\u0131 olarak i\u015flenmektedir.<\/p>\n<p>Ki\u015fisel verileriniz,<\/p>\n<ul>\n<li>\u015eirketimiz taraf\u0131ndan sunulan \u00fcr\u00fcn ve hizmetlerden sizleri faydaland\u0131rmak i\u00e7in gerekli \u00e7al\u0131\u015fmalar\u0131n i\u015f birimlerimiz taraf\u0131ndan yap\u0131lmas\u0131,<\/li>\n<li>\u015eirketimiz taraf\u0131ndan sunulan \u00fcr\u00fcn ve hizmetlerin sizlere \u00f6nerilmesi; \u00fcr\u00fcn ve hizmetlerin sat\u0131\u015f ve pazarlamas\u0131 i\u00e7in pazar ara\u015ft\u0131rmas\u0131 faaliyetlerinin planlanmas\u0131 ve\/veya icras\u0131,<\/li>\n<li>Sekt\u00f6r geli\u015fmeleri hakk\u0131nda \u00fcr\u00fcn ve hizmetlerimizden m\u00fc\u015fterilerimizin bilgilendirilmesi ve bu s\u00fcre\u00e7lerin y\u00f6netimi<\/li>\n<\/ul>\n<p>ama\u00e7lar\u0131yla KVKK&#8217;n\u0131n 5 (2) maddesinde belirtilen<\/p>\n<ul>\n<li>&#8220;a) Kanunlarda a\u00e7\u0131k\u00e7a \u00f6ng\u00f6r\u00fclmesi&#8221;,<\/li>\n<li>&#8220;c) Bir s\u00f6zle\u015fmenin kurulmas\u0131 veya ifas\u0131yla do\u011frudan do\u011fruya ilgili olmas\u0131 kayd\u0131yla, s\u00f6zle\u015fmenin taraflar\u0131na ait ki\u015fisel verilerin i\u015flenmesinin gerekli olmas\u0131&#8221;,<\/li>\n<li>&#8220;\u00e7) Veri sorumlusunun hukuki y\u00fck\u00fcml\u00fcl\u00fc\u011f\u00fcn\u00fc yerine getirebilmesi i\u00e7in zorunlu olmas\u0131&#8221;,<\/li>\n<li>&#8220;e) Bir hakk\u0131n tesisi, kullan\u0131lmas\u0131 veya korunmas\u0131 i\u00e7in veri i\u015flemenin zorunlu olmas\u0131&#8221;<\/li>\n<\/ul>\n<p>hukuki sebepleri dahilinde i\u015flenecek ve toplanacakt\u0131r.<\/p>\n<p>Ki\u015fisel verileriniz, \u015eirket&#8217;in internet sitesi \u00fczerinden sunulan hizmetlerden yararlanabilmeniz i\u00e7in i\u015flenmekte ve muhafaza edilmektedir. Ki\u015fisel verileriniz, \u015eirket taraf\u0131ndan sunulan \u00fcr\u00fcn ve hizmete ba\u011fl\u0131 olarak de\u011fi\u015fkenlik g\u00f6sterebilmekle birlikte; otomatik veya otomatik olmayan y\u00f6ntemlerle, ba\u015fta internet sitesi olmak \u00fczere \u00e7e\u015fitli vas\u0131talarla s\u00f6zl\u00fc, yaz\u0131l\u0131 ya da elektronik olarak toplanabilmektedir. \u015eirket&#8217;in \u00fcr\u00fcn ve hizmetlerinden yararland\u0131\u011f\u0131n\u0131z m\u00fcddet\u00e7e, KVKK&#8217;n\u0131n y\u00fcr\u00fcrl\u00fck tarihinden \u00f6nce verdi\u011finiz r\u0131za veya y\u00fcr\u00fcrl\u00fck tarihinden sonra verdi\u011finiz a\u00e7\u0131k r\u0131za veyahut da KVKK&#8217;da belirtilen kural ve ko\u015fullar \u00e7er\u00e7evesinde ki\u015fisel verileriniz i\u015flenebilecektir.<\/p>\n<p><strong>B. Ki\u015fisel Verilerin Aktar\u0131lmas\u0131<\/strong><br \/>\nKi\u015fisel verileriniz, KVKK&#8217;da belirtilen kurallar ve bu Ayd\u0131nlatma Metni&#8217;nde belirtilen ama\u00e7lar dahilinde, kural olarak, ilgili ki\u015filerin a\u00e7\u0131k r\u0131zas\u0131 bulunmaks\u0131z\u0131n \u00fc\u00e7\u00fcnc\u00fc ki\u015filere aktar\u0131lmamaktad\u0131r.<\/p>\n<p>1. ba\u015fl\u0131kta i\u015flenmekte oldu\u011fu belirtilmi\u015f olan ki\u015fisel verileriniz, yine ayn\u0131 ba\u015fl\u0131k alt\u0131nda yer alan veri i\u015fleme ama\u00e7lar\u0131 do\u011frultusunda, \u015firket faaliyet konular\u0131m\u0131z\u0131n ve i\u015f s\u00fcre\u00e7lerimizin ger\u00e7ekle\u015ftirilmesi s\u00fcre\u00e7lerinde gerekmesi halinde ve gerekenle s\u0131n\u0131rl\u0131 \u015fekilde;<\/p>\n<ul>\n<li>\u0130lgili mevzuat h\u00fck\u00fcmlerine istinaden denetim firmalar\u0131na, mali m\u00fc\u015favirlere, ilgili kamu kurum ve kurulu\u015flar\u0131na <em>(Faaliyetlerin mevzuata uygun y\u00fcr\u00fct\u00fclmesi, Hukuki y\u00fck\u00fcml\u00fcl\u00fcklerimizin yerine getirilmesi, S\u00f6zle\u015fme s\u00fcre\u00e7lerinin y\u00f6netimi)<\/em>,<\/li>\n<li>Banka ve finans kurulu\u015flar\u0131na, <em>(S\u00f6zle\u015fme s\u00fcre\u00e7lerinin y\u00fcr\u00fct\u00fclmesi, finans ve muhasebe i\u015flerinin y\u00fcr\u00fct\u00fclmesi, hukuk i\u015flerinin takibi ve y\u00fcr\u00fct\u00fclmesi)<\/em>,<\/li>\n<li>Faaliyetlerin ger\u00e7ekle\u015fmesi i\u00e7in i\u015f s\u00fcre\u00e7lerinde yer alan tedarik\u00e7ilere, i\u015f ortaklar\u0131m\u0131za<em> (\u0130\u015f s\u00fcreklili\u011finin sa\u011flanmas\u0131\/denetimi, S\u00f6zle\u015fme s\u00fcre\u00e7lerinin Y\u00fcr\u00fct\u00fclmesi, Talep ve \u015fikayetlerin takibi, Hukuk i\u015flerinin takibi ve y\u00fcr\u00fct\u00fclmesi)<\/em><\/li>\n<li>\u015eirketimizin i\u015f s\u00fcre\u00e7lerinde hizmet tedarik etti\u011fi ilgili tedarik\u00e7i firmaya, i\u015f orta\u011f\u0131m\u0131za<em> (\u0130\u015f s\u00fcreklili\u011finin sa\u011flanmas\u0131\/denetimi, S\u00f6zle\u015fme s\u00fcre\u00e7lerinin y\u00fcr\u00fct\u00fclmesi, Talep ve \u015fikayetlerin takibi, Hukuk i\u015flerinin takibi ve y\u00fcr\u00fct\u00fclmesi)<\/em><\/li>\n<li>\u0130\u015f s\u00fcre\u00e7lerimizde yer alan tedarik\u00e7ilere <em>(S\u00f6zle\u015fme s\u00fcre\u00e7lerinin y\u00fcr\u00fct\u00fclmesi, finansal i\u015flemlerin ger\u00e7ekle\u015ftirilmesi, y\u00f6netimin i\u015f s\u00fcre\u00e7leri hakk\u0131nda bilgilendirilmesi, hukuk i\u015flerinin takibi ve y\u00fcr\u00fct\u00fclmesi, kanuni\/idari d\u00fczenlemeler uyar\u0131nca hukuki y\u00fck\u00fcml\u00fcl\u00fcklerimizin yerine getirilmesi, \u015firket faaliyet konusu i\u015f ve i\u015flemlerin ger\u00e7ekle\u015ftirilmesi)<\/em><\/li>\n<li>\u0130lgili kamu kurum ve kurulu\u015flar\u0131n\u0131n talepleri do\u011frultusunda ve talep ama\u00e7lar\u0131yla s\u0131n\u0131rl\u0131 olarak hukuken yetkili kamu kurum ve kurulu\u015flar\u0131na<em> (Faaliyetlerin mevzuata uygun y\u00fcr\u00fct\u00fclmesi, hukuk i\u015flerinin takibi ve y\u00fcr\u00fct\u00fclmesi, kanuni\/idari d\u00fczenlemeler uyar\u0131nca hukuki y\u00fck\u00fcml\u00fcl\u00fcklerimizin yerine getirilmesi)<\/em>,<\/li>\n<\/ul>\n<p>aktar\u0131lmaktad\u0131r.<\/p>\n<p><strong>C. \u0130lgili Ki\u015finin Haklar\u0131<\/strong><br \/>\nHerkes, KVKK&#8217;n\u0131n 11. maddesi uyar\u0131nca a\u015fa\u011f\u0131daki haklara sahiptir;<\/p>\n<ol>\n<li>Ki\u015fisel verisinin i\u015flenip i\u015flenmedi\u011fini \u00f6\u011frenme,<\/li>\n<li>Ki\u015fisel verileri i\u015flenmi\u015fse buna ili\u015fkin bilgi talep etme,<\/li>\n<li>Ki\u015fisel verilerin i\u015flenme amac\u0131n\u0131 ve bunlar\u0131n amac\u0131na uygun kullan\u0131l\u0131p kullan\u0131lmad\u0131\u011f\u0131n\u0131 \u00f6\u011frenme,<\/li>\n<li>Yurt i\u00e7inde veya yurt d\u0131\u015f\u0131nda ki\u015fisel verilerin aktar\u0131ld\u0131\u011f\u0131 \u00fc\u00e7\u00fcnc\u00fc ki\u015fileri bilme,<\/li>\n<li>Ki\u015fisel verilerin eksik veya yanl\u0131\u015f i\u015flenmi\u015f olmas\u0131 h\u00e2linde bunlar\u0131n d\u00fczeltilmesini isteme ve bu kapsamda yap\u0131lan i\u015flemin ki\u015fisel verilerin aktar\u0131ld\u0131\u011f\u0131 \u00fc\u00e7\u00fcnc\u00fc ki\u015filere bildirilmesini isteme,<\/li>\n<li>KVKK ve ilgili di\u011fer kanun h\u00fck\u00fcmlerine uygun olarak i\u015flenmi\u015f olmas\u0131na ra\u011fmen, i\u015flenmesini gerektiren sebeplerin ortadan kalkmas\u0131 h\u00e2linde ki\u015fisel verilerin silinmesini veya yok edilmesini isteme ve bu kapsamda yap\u0131lan i\u015flemin ki\u015fisel verilerin aktar\u0131ld\u0131\u011f\u0131 \u00fc\u00e7\u00fcnc\u00fc ki\u015filere bildirilmesini isteme,<\/li>\n<li>\u0130\u015flenen verilerin m\u00fcnhas\u0131ran otomatik sistemler vas\u0131tas\u0131yla analiz edilmesi suretiyle ki\u015finin kendisi aleyhine bir sonucun ortaya \u00e7\u0131kmas\u0131na itiraz etme,<\/li>\n<li>Ki\u015fisel verilerin kanuna ayk\u0131r\u0131 olarak i\u015flenmesi sebebiyle zarara u\u011framas\u0131 h\u00e2linde zarar\u0131n giderilmesini talep etme.<\/li>\n<\/ol>\n<p>Herkes bu haklar\u0131na ili\u015fkin taleplerini Veri Sorumlusuna Ba\u015fvuru Usul ve Esaslar\u0131 Hakk\u0131nda Tebli\u011f&#8217;e uygun bir \u015fekilde <strong><a href=\"https:\/\/www.imrenplastik.com.tr\/wp-content\/uploads\/2025\/02\/KVKK_Ilgili_Kisi_Basvuru_Formu.docx\" target=\"_blank\" rel=\"noopener\">KVKK \u0130lgili Ki\u015fi Ba\u015fvuru Formu<\/a><\/strong>&#8216;nu doldurarak \u015eirketimize iletebilir. Talepler en k\u0131sa s\u00fcrede ve nihayetinde en ge\u00e7 otuz (30) g\u00fcn i\u00e7erisinde \u00fccretsiz olarak de\u011ferlendirilip karara ba\u011flanacakt\u0131r. De\u011ferlendirme ve karar verme i\u015fleminin ayr\u0131ca bir maliyeti gerektirmesi durumunda Ki\u015fisel Verileri Koruma Kurulu taraf\u0131ndan belirlenen tarifedeki \u00fccret esas al\u0131nacakt\u0131r.<\/p>\n<p>Yasal d\u00fczenlemelerde yap\u0131lan de\u011fi\u015fikliklere ba\u011fl\u0131 olarak belirli aral\u0131klarla i\u015fbu Ayd\u0131nlatma Metni&#8217;nde g\u00fcncelleme yap\u0131lmas\u0131 s\u00f6z konusu olabilir. Metnin en g\u00fcncel haline ula\u015fmak i\u00e7in d\u00fczenli aral\u0131klarla internet sitemizi ziyaret edebilirsiniz.<\/p>\n<p>Sayg\u0131lar\u0131m\u0131zla,<br \/>\n<strong>\u0130mren Plastik Sanayi ve Ticaret Limited \u015eirketi<\/strong><br \/>\nMersis No: 0474004429600011<br \/>\n\u0130nternet Adresi: www.imrenplastik.com.tr<br \/>\nTelefon Numaras\u0131: +90 262 728 15 66 \/ +90 262 728 15 67<br \/>\nE-Posta Adresleri: info@imrenplastik.com.tr<br \/>\nMerkez Ofis Adresi: \u0130stanbul Mermerciler Sanayi Sitesi, 18. Cad. No: 11, 41455\u00a0K\u00d6SELER \/ D\u0130LOVASI \/ KOCAEL\u0130<\/p>\n","protected":false},"excerpt":{"rendered":"<p>\u0130MREN PLAST\u0130K SANAY\u0130 VE T\u0130CARET L\u0130M\u0130TED \u015e\u0130RKET\u0130\u00a06698 SAYILI K\u0130\u015e\u0130SEL VER\u0130LER\u0130N KORUNMASI KANUNU KAPSAMINDA AYDINLATMA METN\u0130 \u0130mren Plastik Sanayi ve Ticaret Limited \u015eirketi 1994 y\u0131l\u0131nda kurulmu\u015ftur. \u015eirketimiz plastik enjeksiyon imalat\u0131 ve kal\u0131p imalat\u0131 ana konular\u0131 ile m\u00fc\u015fterilerine hizmet sunmaya devam etmektedir. Veri sorumlusu s\u0131fat\u0131n\u0131 haiz \u0130mren&#8230;<\/p>\n","protected":false},"author":1,"featured_media":0,"parent":0,"menu_order":0,"comment_status":"closed","ping_status":"closed","template":"","meta":{"footnotes":""},"_links":{"self":[{"href":"https:\/\/www.imrenplastik.com.tr\/tr\/wp-json\/wp\/v2\/pages\/16731"}],"collection":[{"href":"https:\/\/www.imrenplastik.com.tr\/tr\/wp-json\/wp\/v2\/pages"}],"about":[{"href":"https:\/\/www.imrenplastik.com.tr\/tr\/wp-json\/wp\/v2\/types\/page"}],"author":[{"embeddable":true,"href":"https:\/\/www.imrenplastik.com.tr\/tr\/wp-json\/wp\/v2\/users\/1"}],"replies":[{"embeddable":true,"href":"https:\/\/www.imrenplastik.com.tr\/tr\/wp-json\/wp\/v2\/comments?post=16731"}],"version-history":[{"count":13,"href":"https:\/\/www.imrenplastik.com.tr\/tr\/wp-json\/wp\/v2\/pages\/16731\/revisions"}],"predecessor-version":[{"id":17275,"href":"https:\/\/www.imrenplastik.com.tr\/tr\/wp-json\/wp\/v2\/pages\/16731\/revisions\/17275"}],"wp:attachment":[{"href":"https:\/\/www.imrenplastik.com.tr\/tr\/wp-json\/wp\/v2\/media?parent=16731"}],"curies":[{"name":"wp","href":"https:\/\/api.w.org\/{rel}","templated":true}]}}