{"id":16573,"date":"2016-11-22T00:04:26","date_gmt":"2016-11-21T21:04:26","guid":{"rendered":"http:\/\/www.imrenplastik.com.tr\/tr\/technical-infrastructure\/"},"modified":"2018-05-28T14:44:26","modified_gmt":"2018-05-28T11:44:26","slug":"teknik-altyapimiz","status":"publish","type":"page","link":"https:\/\/www.imrenplastik.com.tr\/tr\/teknik-altyapimiz\/","title":{"rendered":"TEKN\u0130K ALTYAPIMIZ"},"content":{"rendered":"<p>[vc_row row_type=&#8221;row&#8221; use_row_as_full_screen_section=&#8221;no&#8221; type=&#8221;grid&#8221; anchor=&#8221;portfolio&#8221; angled_section=&#8221;no&#8221; text_align=&#8221;left&#8221; background_image_as_pattern=&#8221;without_pattern&#8221; background_color=&#8221;#ffffff&#8221; border_color=&#8221;#eeeeee&#8221; padding_top=&#8221;82&#8243; padding_bottom=&#8221;0&#8243; css_animation=&#8221;&#8221;][vc_column][vc_column_text]<\/p>\n<h2 style=\"text-align: center;\">\u0130MREN PLAST\u0130K TEKN\u0130K ALTYAPI<\/h2>\n<p>[\/vc_column_text][vc_separator type=&#8221;small&#8221; position=&#8221;center&#8221; color=&#8221;#818181&#8243; up=&#8221;20&#8243; down=&#8221;80&#8243;][vc_row_inner row_type=&#8221;row&#8221; type=&#8221;full_width&#8221; text_align=&#8221;left&#8221; css_animation=&#8221;&#8221;][vc_column_inner width=&#8221;1\/3&#8243;][vc_separator type=&#8221;transparent&#8221; up=&#8221;12&#8243; down=&#8221;0&#8243;][vc_column_text]<strong>\u00c7ALI\u015eAN SAYISI<\/strong><\/p>\n<p>100 <\/p>\n<p>&nbsp;<\/p>\n<p><strong>TOPLAM \u00dcRET\u0130M ALANI (m\u00b2)<br \/>\n<\/strong><\/p>\n<p>5000 + 8000<\/p>\n<p>&nbsp;<\/p>\n<p><strong>AYLIK KALIP YAPIM KAPAS\u0130TES\u0130<\/strong><\/p>\n<p>10 &#8211; 15 adet<\/p>\n<p>&nbsp;<\/p>\n<p><strong>AYLIK PLAST\u0130K ENJEKS\u0130YON KAPAS\u0130TES\u0130<\/strong><\/p>\n<p>Yakla\u015f\u0131k 3.000.000 adet x kal\u0131p g\u00f6z\u00fc<\/p>\n<p>&nbsp;<\/p>\n<p><strong>EK\u0130PMAN<\/strong><\/p>\n<p>1 x Hermle CNC<br \/>\n1 x Gentiger CNC<br \/>\n1 x Delta Seiki CNC<br \/>\n1 x SKM cnc dalma erozyon<br \/>\n1 x ACRO pnc dalma erozyon<br \/>\n1 x CREATOR dalma erozyon<br \/>\n1 x SODICK tel erozyon<br \/>\n1 x SODICK dalma erozyon<br \/>\n3 x kal\u0131p\u00e7\u0131 freze<br \/>\n1 x y\u00fczey ta\u015flama<br \/>\n2 x torna<br \/>\n1 x st\u00fcnlu matkap<br \/>\n\u00c7e\u015fitli kal\u0131p ve parlatma ekipmanlar\u0131<br \/>\n1 adet ULTIMAKER 3 h\u0131zl\u0131 prototip cihaz\u0131<br \/>\n1 x Ultimaker 3D yaz\u0131c\u0131<br \/>\n1 x ARION-DL6T CNC power lathe<br \/>\n1 x EMCO C axis, sub spindle CNC power lathe (6inch with feeder)<br \/>\n2 x DMC C axis, CNC power lathe (8inch with feeder)<\/p>\n<p>&nbsp;<\/p>\n<p><strong>YAZILIMLAR<\/strong><\/p>\n<p>4 x Solid Works CAD<br \/>\n1 x Solid Cam<br \/>\n1 x NGC Cam<br \/>\n1 x Machining Strategist<br \/>\n1 x Think Design<br \/>\n1 x ZW Cad[\/vc_column_text][vc_separator type=&#8221;transparent&#8221; up=&#8221;111&#8243; down=&#8221;0&#8243;][\/vc_column_inner][vc_column_inner width=&#8221;1\/3&#8243;][vc_separator type=&#8221;transparent&#8221; up=&#8221;10&#8243; down=&#8221;0&#8243;][vc_column_text]<strong>PLAST\u0130K ENJEKS\u0130YON EK\u0130PMANLARI<\/strong><\/p>\n<p>1 x 380 ton Haitian<br \/>\n1 x 250 ton Haitian<br \/>\n1 x 220 ton Arburg<br \/>\n2 x 160 ton Haitian<br \/>\n1 x 200 ton Arburg electric edition<br \/>\n10x 150 ton Arburg (5x servo hybrit)<br \/>\n1 x 125 ton Haitian<br \/>\n5 x 100 ton Arburg (1x electric edition)<br \/>\n1 x 70 ton Haitian<br \/>\n2 x 50 ton Arburg<br \/>\n\u00c7e\u015fitli plastik k\u0131rma ve enjeksiyon ekipmanlar\u0131, jenerat\u00f6rler, chiller so\u011futucu sistemi, chorchill kal\u0131p \u015fartland\u0131r\u0131c\u0131lar, 3 adet vidal\u0131 kompres\u00f6r, 2 adet kreyn vin\u00e7 (1\/2\/3\/3.2\/5\/10 tons).<br \/>\n18 adet robot<\/p>\n<p>&nbsp;<\/p>\n<p><strong>EKSANTR\u0130K PRESS B\u00d6L\u00dcM\u00dc EK\u0130PMANLARI<\/strong><\/p>\n<p>1 x C Type 80 ton metal pres (Erkekoglu)<br \/>\n2 x 15 ton metal pres<br \/>\n1 x 1.5 ton metal pres<br \/>\n1 x Sac kesme presi<br \/>\n\u00c7e\u015fitli eksantrik pres ekipmanlar\u0131<br \/>\n2 x S\u00fcr\u00fcc\u00fc \u00c7\u00f6z\u00fcc\u00fc<br \/>\n1 x 100 ton derin metal pres<br \/>\n1 x H tipi 40 ton metal pres (Erkekoglu)<\/p>\n<p>&nbsp;<\/p>\n<p><strong>GRUPLAMA B\u00d6L\u00dcM\u00dc EK\u0130PMANLARI<\/strong><\/p>\n<p>1 x inox satine makinas\u0131<br \/>\n1 x klips ve mekanizma kontrol makinas\u0131<br \/>\n40x montaj i\u00e7in el presi<br \/>\nGruplama ve montaj i\u00e7in ekipmanlar<br \/>\n1 x Robotic f\u0131r\u00e7alama<\/p>\n<p>&nbsp;<\/p>\n<p><strong>LABORATUVAR VE TEST B\u00d6L\u00dcM\u00dc EK\u0130PMANLARI<\/strong><\/p>\n<p>1 x d\u00fc\u011fme mekanizma test cihaz\u0131<br \/>\n1 x klips test cihaz\u0131<br \/>\n1 x mihengir \u00f6l\u00e7me aleti<br \/>\nKumpaslar, mikrometreler, \u00f6l\u00e7\u00fc aletleri, seyyar ve masa \u00fcst\u00fc tork metre, A ve D shoremetre, statik metre, boya ve kaplama kal\u0131nl\u0131\u011f\u0131 \u00f6l\u00e7me cihaz\u0131, \u0131s\u0131 ve antifiriz \u00f6l\u00e7me cihaz\u0131, cross-cut aparat\u0131.<\/p>\n<p>1 adet renk \u00f6l\u00e7\u00fcm cihaz\u0131<br \/>\n1 adet \u0131\u015f\u0131k kabini<br \/>\nMikroskop ve b\u00fcy\u00fcltme cihazlar\u0131[\/vc_column_text][vc_separator type=&#8221;transparent&#8221; up=&#8221;111&#8243; down=&#8221;0&#8243;][\/vc_column_inner][vc_column_inner width=&#8221;1\/3&#8243;][vc_single_image image=&#8221;16258&#8243; img_size=&#8221;full&#8221; add_caption=&#8221;yes&#8221; alignment=&#8221;center&#8221; style=&#8221;vc_box_shadow_border&#8221; onclick=&#8221;link_image&#8221; qode_css_animation=&#8221;&#8221;][vc_separator type=&#8221;transparent&#8221; up=&#8221;10&#8243; down=&#8221;0&#8243;][vc_single_image image=&#8221;16223&#8243; img_size=&#8221;full&#8221; add_caption=&#8221;yes&#8221; alignment=&#8221;center&#8221; style=&#8221;vc_box_shadow_border&#8221; onclick=&#8221;link_image&#8221; qode_css_animation=&#8221;&#8221;][vc_separator type=&#8221;transparent&#8221; up=&#8221;10&#8243; down=&#8221;0&#8243;][vc_single_image image=&#8221;16228&#8243; img_size=&#8221;full&#8221; add_caption=&#8221;yes&#8221; alignment=&#8221;center&#8221; style=&#8221;vc_box_shadow_border&#8221; onclick=&#8221;link_image&#8221; qode_css_animation=&#8221;&#8221;][\/vc_column_inner][\/vc_row_inner][\/vc_column][\/vc_row]<\/p>\n","protected":false},"excerpt":{"rendered":"<p>[vc_row row_type=&#8221;row&#8221; use_row_as_full_screen_section=&#8221;no&#8221; type=&#8221;grid&#8221; anchor=&#8221;portfolio&#8221; angled_section=&#8221;no&#8221; text_align=&#8221;left&#8221; background_image_as_pattern=&#8221;without_pattern&#8221; background_color=&#8221;#ffffff&#8221; border_color=&#8221;#eeeeee&#8221; padding_top=&#8221;82&#8243; padding_bottom=&#8221;0&#8243; css_animation=&#8221;&#8221;][vc_column][vc_column_text] \u0130MREN PLAST\u0130K TEKN\u0130K ALTYAPI [\/vc_column_text][vc_separator type=&#8221;small&#8221; position=&#8221;center&#8221; color=&#8221;#818181&#8243; up=&#8221;20&#8243; down=&#8221;80&#8243;][vc_row_inner row_type=&#8221;row&#8221; type=&#8221;full_width&#8221; text_align=&#8221;left&#8221; css_animation=&#8221;&#8221;][vc_column_inner width=&#8221;1\/3&#8243;][vc_separator type=&#8221;transparent&#8221; up=&#8221;12&#8243; down=&#8221;0&#8243;][vc_column_text]\u00c7ALI\u015eAN SAYISI 100 &nbsp; TOPLAM \u00dcRET\u0130M ALANI (m\u00b2) 5000 + 8000 &nbsp; AYLIK KALIP YAPIM&#8230;<\/p>\n","protected":false},"author":1,"featured_media":0,"parent":0,"menu_order":0,"comment_status":"closed","ping_status":"closed","template":"full_width.php","meta":{"footnotes":""},"_links":{"self":[{"href":"https:\/\/www.imrenplastik.com.tr\/tr\/wp-json\/wp\/v2\/pages\/16573"}],"collection":[{"href":"https:\/\/www.imrenplastik.com.tr\/tr\/wp-json\/wp\/v2\/pages"}],"about":[{"href":"https:\/\/www.imrenplastik.com.tr\/tr\/wp-json\/wp\/v2\/types\/page"}],"author":[{"embeddable":true,"href":"https:\/\/www.imrenplastik.com.tr\/tr\/wp-json\/wp\/v2\/users\/1"}],"replies":[{"embeddable":true,"href":"https:\/\/www.imrenplastik.com.tr\/tr\/wp-json\/wp\/v2\/comments?post=16573"}],"version-history":[{"count":8,"href":"https:\/\/www.imrenplastik.com.tr\/tr\/wp-json\/wp\/v2\/pages\/16573\/revisions"}],"predecessor-version":[{"id":16664,"href":"https:\/\/www.imrenplastik.com.tr\/tr\/wp-json\/wp\/v2\/pages\/16573\/revisions\/16664"}],"wp:attachment":[{"href":"https:\/\/www.imrenplastik.com.tr\/tr\/wp-json\/wp\/v2\/media?parent=16573"}],"curies":[{"name":"wp","href":"https:\/\/api.w.org\/{rel}","templated":true}]}}