{"id":15338,"date":"2014-05-05T13:37:54","date_gmt":"2014-05-05T13:37:54","guid":{"rendered":"http:\/\/demo.qodeinteractive.com\/bridge3\/?page_id=15338"},"modified":"2015-12-29T15:02:48","modified_gmt":"2015-12-29T13:02:48","slug":"sureclerimiz","status":"publish","type":"page","link":"https:\/\/www.imrenplastik.com.tr\/tr\/sureclerimiz\/","title":{"rendered":"S\u00dcRE\u00c7LER\u0130M\u0130Z"},"content":{"rendered":"<p>[vc_row row_type=&#8221;row&#8221; use_row_as_full_screen_section=&#8221;no&#8221; type=&#8221;grid&#8221; anchor=&#8221;portfolio&#8221; angled_section=&#8221;no&#8221; text_align=&#8221;left&#8221; background_image_as_pattern=&#8221;without_pattern&#8221; background_color=&#8221;#ffffff&#8221; border_color=&#8221;#eeeeee&#8221; padding_top=&#8221;80&#8243; padding_bottom=&#8221;0&#8243; css_animation=&#8221;&#8221;][vc_column][vc_row_inner row_type=&#8221;row&#8221; type=&#8221;full_width&#8221; text_align=&#8221;left&#8221; css_animation=&#8221;&#8221;][vc_column_inner width=&#8221;1\/2&#8243;][vc_single_image image=&#8221;16106&#8243; img_size=&#8221;full&#8221; alignment=&#8221;center&#8221; qode_css_animation=&#8221;element_from_fade&#8221; transition_delay=&#8221;0.2&#8243;][vc_separator type=&#8221;transparent&#8221; up=&#8221;79&#8243; down=&#8221;0&#8243;][\/vc_column_inner][vc_column_inner width=&#8221;1\/2&#8243;][vc_column_text]<\/p>\n<h2 style=\"text-align: left;\">END\u00dcSTR\u0130YEL TASARIM<\/h2>\n<p>[\/vc_column_text][vc_separator type=&#8221;small&#8221; position=&#8221;left&#8221; color=&#8221;#818181&#8243; up=&#8221;13&#8243; down=&#8221;33&#8243;][vc_column_text]Kim yenilik\u00e7i ve farkl\u0131 bir \u00fcr\u00fcn\u00fc \u00fcretmek ve sahip olmak istemez ki? \u00dcr\u00fcn geli\u015ftirme s\u00fcrecinde stratejik \u00f6nemi olan end\u00fcstriyel tasar\u0131m\u0131, siz m\u00fc\u015fterilerimizin \u00fcr\u00fcnlerinin daha yenilik\u00e7i, rekabet\u00e7i, g\u00fcn\u00fcm\u00fcz ihtiya\u00e7lar\u0131n\u0131 kar\u015f\u0131layan,estetik ve fonksiyonel \u00fcretilmesi a\u00e7\u0131s\u0131ndan 600&#8217;den fazla proje ve 25 y\u0131ll\u0131k tasar\u0131m ve tasar\u0131m y\u00f6netimi tecr\u00fcbesinden\u00a0 g\u00fc\u00e7 alarak s\u00fcre\u00e7lerimize katt\u0131k. Bu a\u015famada \u00fcr\u00fcnlerin kullan\u0131m kolayl\u0131\u011f\u0131, rakip analizi, marka konumland\u0131rmas\u0131, trend analizi, m\u00fc\u015fteri analizi, yenilik\u00e7ilik konular\u0131nda dan\u0131\u015fmanl\u0131k vermekte ve projelendirmekteyiz.[\/vc_column_text][vc_separator type=&#8221;transparent&#8221; up=&#8221;79&#8243; down=&#8221;0&#8243;][\/vc_column_inner][\/vc_row_inner][\/vc_column][\/vc_row][vc_row row_type=&#8221;row&#8221; use_row_as_full_screen_section=&#8221;no&#8221; type=&#8221;grid&#8221; anchor=&#8221;portfolio&#8221; angled_section=&#8221;no&#8221; text_align=&#8221;left&#8221; background_image_as_pattern=&#8221;without_pattern&#8221; background_color=&#8221;#f8f8f8&#8243; border_color=&#8221;#eeeeee&#8221; padding_top=&#8221;80&#8243; padding_bottom=&#8221;0&#8243; css_animation=&#8221;&#8221;][vc_column][vc_row_inner row_type=&#8221;row&#8221; type=&#8221;full_width&#8221; text_align=&#8221;left&#8221; css_animation=&#8221;&#8221;][vc_column_inner width=&#8221;1\/2&#8243;][vc_column_text]<\/p>\n<h2 style=\"text-align: left;\">MEKAN\u0130K TASARIM<\/h2>\n<p>[\/vc_column_text][vc_separator type=&#8221;small&#8221; position=&#8221;left&#8221; color=&#8221;#818181&#8243; up=&#8221;13&#8243; down=&#8221;33&#8243;][vc_column_text]\u00dcr\u00fcn geli\u015ftirme s\u00fcrecinde temel ta\u015flar\u0131 olu\u015fturan mekanik tasar\u0131m ve analiz hizmetlerini uzman m\u00fchendis ve teknik kadrolar\u0131m\u0131z ile etkin bi\u00e7imde, g\u00fcncel yaz\u0131l\u0131m altyap\u0131m\u0131z\u0131 kullanarak vermekteyiz.<\/p>\n<p>Bu sayede m\u00fc\u015fterilerimizin \u00fcr\u00fcn geli\u015ftirme s\u00fcre\u00e7lerini k\u0131salt\u0131p, \u00fcr\u00fcn kalite fakt\u00f6r\u00fcn\u00fc y\u00fckseltmeyi hedeflemekteyiz.[\/vc_column_text][vc_separator type=&#8221;transparent&#8221; up=&#8221;79&#8243; down=&#8221;0&#8243;][\/vc_column_inner][vc_column_inner width=&#8221;1\/2&#8243;][vc_single_image image=&#8221;16112&#8243; img_size=&#8221;full&#8221; alignment=&#8221;center&#8221; qode_css_animation=&#8221;element_from_fade&#8221; transition_delay=&#8221;0.4&#8243;][vc_separator type=&#8221;transparent&#8221; up=&#8221;79&#8243; down=&#8221;0&#8243;][\/vc_column_inner][\/vc_row_inner][\/vc_column][\/vc_row][vc_row row_type=&#8221;row&#8221; use_row_as_full_screen_section=&#8221;no&#8221; type=&#8221;grid&#8221; anchor=&#8221;portfolio&#8221; angled_section=&#8221;no&#8221; text_align=&#8221;left&#8221; background_image_as_pattern=&#8221;without_pattern&#8221; background_color=&#8221;#ffffff&#8221; border_color=&#8221;#eeeeee&#8221; padding_top=&#8221;80&#8243; padding_bottom=&#8221;0&#8243; css_animation=&#8221;&#8221;][vc_column][vc_row_inner row_type=&#8221;row&#8221; type=&#8221;full_width&#8221; text_align=&#8221;left&#8221; css_animation=&#8221;&#8221;][vc_column_inner width=&#8221;1\/2&#8243;][vc_single_image image=&#8221;16108&#8243; img_size=&#8221;full&#8221; alignment=&#8221;center&#8221; qode_css_animation=&#8221;element_from_fade&#8221; transition_delay=&#8221;0.2&#8243;][vc_separator type=&#8221;transparent&#8221; up=&#8221;79&#8243; down=&#8221;0&#8243;][\/vc_column_inner][vc_column_inner width=&#8221;1\/2&#8243;][vc_column_text]<\/p>\n<h2 style=\"text-align: left;\">HIZLI PROTOT\u0130P<\/h2>\n<p>[\/vc_column_text][vc_separator type=&#8221;small&#8221; position=&#8221;left&#8221; color=&#8221;#818181&#8243; up=&#8221;13&#8243; down=&#8221;33&#8243;][vc_column_text]\u00dcr\u00fcn\u00fcn kal\u0131p ve \u00fcretim harcamalar\u0131n\u0131 yapmadan, pazar, m\u00fc\u015fteri, \u00fcretilebilirlik ve fonksiyonellik testlerini yapabilmek, hatalar\u0131 erken g\u00f6rebilmek amac\u0131 ile, makine park\u0131m\u0131zdan yararlanarak \u00e7al\u0131\u015fan \u00f6n modellerinin yap\u0131m\u0131nda m\u00fc\u015fterilerimize hizmet vermekteyiz.[\/vc_column_text][vc_separator type=&#8221;transparent&#8221; up=&#8221;79&#8243; down=&#8221;0&#8243;][\/vc_column_inner][\/vc_row_inner][\/vc_column][\/vc_row][vc_row row_type=&#8221;row&#8221; use_row_as_full_screen_section=&#8221;no&#8221; type=&#8221;grid&#8221; anchor=&#8221;portfolio&#8221; angled_section=&#8221;no&#8221; text_align=&#8221;left&#8221; background_image_as_pattern=&#8221;without_pattern&#8221; background_color=&#8221;#f8f8f8&#8243; border_color=&#8221;#eeeeee&#8221; padding_top=&#8221;80&#8243; padding_bottom=&#8221;0&#8243; css_animation=&#8221;&#8221;][vc_column][vc_row_inner row_type=&#8221;row&#8221; type=&#8221;full_width&#8221; text_align=&#8221;left&#8221; css_animation=&#8221;&#8221;][vc_column_inner width=&#8221;1\/2&#8243;][vc_column_text]<\/p>\n<h2 style=\"text-align: left;\">KALIP YAPIMI<\/h2>\n<p>[\/vc_column_text][vc_separator type=&#8221;small&#8221; position=&#8221;left&#8221; color=&#8221;#818181&#8243; up=&#8221;13&#8243; down=&#8221;33&#8243;][vc_column_text]Tasar\u0131m s\u00fcreci ile \u00fcretim s\u00fcrecini birbirine ba\u011flayan bu s\u00fcre\u00e7,\u00fcr\u00fcn\u00fcn ger\u00e7ekle\u015fmesinin ilk ad\u0131m\u0131d\u0131r, burada do\u011fru, h\u0131zl\u0131 ve uzun soluklu kal\u0131plar\u0131n yap\u0131m\u0131 dikkat ve teknik bilgi gerektirmektedir.<\/p>\n<p>Bu a\u015famada m\u00fc\u015fterilerimize modern\u00a0 makine park\u0131m\u0131z ve teknik alt yap\u0131m\u0131z ile h\u0131zl\u0131, do\u011fru, g\u00fcvenilir ve uzun \u00f6m\u00fcrl\u00fc, plastik enjeksiyon, sac metal kal\u0131plar\u0131 ve bunlara ait mastar ve aparatlar\u0131n\u0131n\u00a0 yap\u0131m\u0131 hizmeti vermekteyiz.[\/vc_column_text][vc_separator type=&#8221;transparent&#8221; up=&#8221;79&#8243; down=&#8221;0&#8243;][\/vc_column_inner][vc_column_inner width=&#8221;1\/2&#8243;][vc_single_image image=&#8221;16109&#8243; img_size=&#8221;full&#8221; alignment=&#8221;center&#8221; qode_css_animation=&#8221;element_from_fade&#8221; transition_delay=&#8221;0.4&#8243;][vc_separator type=&#8221;transparent&#8221; up=&#8221;79&#8243; down=&#8221;0&#8243;][\/vc_column_inner][\/vc_row_inner][\/vc_column][\/vc_row][vc_row row_type=&#8221;row&#8221; use_row_as_full_screen_section=&#8221;no&#8221; type=&#8221;grid&#8221; anchor=&#8221;portfolio&#8221; angled_section=&#8221;no&#8221; text_align=&#8221;left&#8221; background_image_as_pattern=&#8221;without_pattern&#8221; background_color=&#8221;#ffffff&#8221; padding_top=&#8221;80&#8243; padding_bottom=&#8221;0&#8243; css_animation=&#8221;&#8221;][vc_column][vc_row_inner row_type=&#8221;row&#8221; type=&#8221;full_width&#8221; text_align=&#8221;left&#8221; css_animation=&#8221;&#8221;][vc_column_inner width=&#8221;1\/2&#8243;][vc_single_image image=&#8221;16110&#8243; img_size=&#8221;full&#8221; alignment=&#8221;center&#8221; qode_css_animation=&#8221;element_from_fade&#8221; transition_delay=&#8221;0.2&#8243;][vc_separator type=&#8221;transparent&#8221; up=&#8221;79&#8243; down=&#8221;0&#8243;][\/vc_column_inner][vc_column_inner width=&#8221;1\/2&#8243;][vc_column_text]<\/p>\n<h2 style=\"text-align: left;\">\u00dcRET\u0130M<\/h2>\n<p>[\/vc_column_text][vc_separator type=&#8221;small&#8221; position=&#8221;left&#8221; color=&#8221;#818181&#8243; up=&#8221;13&#8243; down=&#8221;33&#8243;][vc_column_text]\u00dcretilen \u00fcr\u00fcn\u00fcn m\u00fc\u015fteri g\u00f6z\u00fcnde kalite alg\u0131s\u0131n\u0131n y\u00fcksek olmas\u0131 \u00fcr\u00fcn\u00fcn sat\u0131labilirli\u011fini artt\u0131ran ve rakipler a\u00e7\u0131s\u0131ndan \u00f6ne ge\u00e7mesini sa\u011flayan en b\u00fcy\u00fck etkenlerden biridir, bu da do\u011fru malzeme ile teknolojisi y\u00fcksek \u00fcretimi gerektirmektedir.<\/p>\n<p>\u00dcretim konusunda 30 y\u0131ll\u0131k malzeme bilgisi ve Alman teknolojisi ile \u00fcretim yapan makine park\u0131m\u0131z ve e\u011fitimli personelimiz ile kalite alg\u0131s\u0131 y\u00fcksek \u00fcr\u00fcnler \u00fcreterek hizmet vermekteyiz.[\/vc_column_text][vc_separator type=&#8221;transparent&#8221; up=&#8221;79&#8243; down=&#8221;0&#8243;][\/vc_column_inner][\/vc_row_inner][\/vc_column][\/vc_row]<\/p>\n","protected":false},"excerpt":{"rendered":"<p>[vc_row row_type=&#8221;row&#8221; use_row_as_full_screen_section=&#8221;no&#8221; type=&#8221;grid&#8221; anchor=&#8221;portfolio&#8221; angled_section=&#8221;no&#8221; text_align=&#8221;left&#8221; background_image_as_pattern=&#8221;without_pattern&#8221; background_color=&#8221;#ffffff&#8221; border_color=&#8221;#eeeeee&#8221; padding_top=&#8221;80&#8243; padding_bottom=&#8221;0&#8243; css_animation=&#8221;&#8221;][vc_column][vc_row_inner row_type=&#8221;row&#8221; type=&#8221;full_width&#8221; text_align=&#8221;left&#8221; css_animation=&#8221;&#8221;][vc_column_inner width=&#8221;1\/2&#8243;][vc_single_image image=&#8221;16106&#8243; img_size=&#8221;full&#8221; alignment=&#8221;center&#8221; qode_css_animation=&#8221;element_from_fade&#8221; transition_delay=&#8221;0.2&#8243;][vc_separator type=&#8221;transparent&#8221; up=&#8221;79&#8243; down=&#8221;0&#8243;][\/vc_column_inner][vc_column_inner width=&#8221;1\/2&#8243;][vc_column_text] END\u00dcSTR\u0130YEL TASARIM [\/vc_column_text][vc_separator type=&#8221;small&#8221; position=&#8221;left&#8221; color=&#8221;#818181&#8243; up=&#8221;13&#8243; down=&#8221;33&#8243;][vc_column_text]Kim yenilik\u00e7i ve farkl\u0131 bir \u00fcr\u00fcn\u00fc \u00fcretmek ve sahip olmak istemez&#8230;<\/p>\n","protected":false},"author":1,"featured_media":0,"parent":0,"menu_order":0,"comment_status":"open","ping_status":"open","template":"full_width.php","meta":{"footnotes":""},"_links":{"self":[{"href":"https:\/\/www.imrenplastik.com.tr\/tr\/wp-json\/wp\/v2\/pages\/15338"}],"collection":[{"href":"https:\/\/www.imrenplastik.com.tr\/tr\/wp-json\/wp\/v2\/pages"}],"about":[{"href":"https:\/\/www.imrenplastik.com.tr\/tr\/wp-json\/wp\/v2\/types\/page"}],"author":[{"embeddable":true,"href":"https:\/\/www.imrenplastik.com.tr\/tr\/wp-json\/wp\/v2\/users\/1"}],"replies":[{"embeddable":true,"href":"https:\/\/www.imrenplastik.com.tr\/tr\/wp-json\/wp\/v2\/comments?post=15338"}],"version-history":[{"count":11,"href":"https:\/\/www.imrenplastik.com.tr\/tr\/wp-json\/wp\/v2\/pages\/15338\/revisions"}],"predecessor-version":[{"id":16209,"href":"https:\/\/www.imrenplastik.com.tr\/tr\/wp-json\/wp\/v2\/pages\/15338\/revisions\/16209"}],"wp:attachment":[{"href":"https:\/\/www.imrenplastik.com.tr\/tr\/wp-json\/wp\/v2\/media?parent=15338"}],"curies":[{"name":"wp","href":"https:\/\/api.w.org\/{rel}","templated":true}]}}