{"id":15284,"date":"2014-05-05T11:29:07","date_gmt":"2014-05-05T11:29:07","guid":{"rendered":"http:\/\/demo.qodeinteractive.com\/bridge3\/?page_id=15284"},"modified":"2018-05-28T14:55:50","modified_gmt":"2018-05-28T11:55:50","slug":"imren-plastik","status":"publish","type":"page","link":"https:\/\/www.imrenplastik.com.tr\/tr\/imren-plastik\/","title":{"rendered":"HAKKIMIZDA"},"content":{"rendered":"<p>[vc_row row_type=&#8221;row&#8221; use_row_as_full_screen_section=&#8221;no&#8221; type=&#8221;grid&#8221; anchor=&#8221;portfolio&#8221; angled_section=&#8221;no&#8221; text_align=&#8221;left&#8221; background_image_as_pattern=&#8221;without_pattern&#8221; background_color=&#8221;#ffffff&#8221; border_color=&#8221;#eeeeee&#8221; padding_top=&#8221;82&#8243; padding_bottom=&#8221;0&#8243; css_animation=&#8221;&#8221;][vc_column][vc_column_text]<\/p>\n<h2 style=\"text-align: center;\">HAKKIMIZDA<\/h2>\n<p>[\/vc_column_text][vc_separator type=&#8221;small&#8221; position=&#8221;center&#8221; color=&#8221;#818181&#8243; up=&#8221;20&#8243; down=&#8221;80&#8243;][vc_row_inner row_type=&#8221;row&#8221; type=&#8221;full_width&#8221; text_align=&#8221;left&#8221; css_animation=&#8221;&#8221;][vc_column_inner width=&#8221;1\/2&#8243;][vc_column_text]<\/p>\n<h5>HAKKIMIZDA<\/h5>\n<p>[\/vc_column_text][vc_separator type=&#8221;transparent&#8221; up=&#8221;12&#8243; down=&#8221;0&#8243;][vc_column_text]<\/p>\n<p style=\"text-align: justify;\">\u0130mren Plastik Sanayi ve Ticaret Limited \u015eirketi 1987 y\u0131l\u0131nda kurulmu\u015ftur. Firmam\u0131z plastik enjeksiyon imalat\u0131 ve kal\u0131p imalat\u0131 ana konular\u0131 ile m\u00fc\u015fterilerine hizmet sunmaya devam etmektedir. \u00d6zellikle teknik m\u00fchendislik \u00fcr\u00fcnlerinin imalat\u0131 konusunda kaliteli \u00fcr\u00fcn \u00fcretiminin sadece Avrupa da de\u011fil ayn\u0131 zamanda \u00fclkemizde de yap\u0131labilece\u011fini g\u00f6stererek ilk ihracat\u0131n\u0131 1995 y\u0131l\u0131nda Almanya&#8217;ya yapm\u0131\u015ft\u0131r.<\/p>\n<p>&nbsp;<\/p>\n<p style=\"text-align: justify;\">Firmam\u0131z, plastik konusunda bilginin gelece\u011fe yeterli aktar\u0131lmas\u0131 amac\u0131yla \u00fcniversitelerde yeni yeni a\u00e7\u0131lan plastik b\u00f6l\u00fcm\u00fc \u00f6\u011frencilerine staj imkanlar\u0131 sa\u011flayarak teorik ve pratik anlamda geli\u015fmelerine katk\u0131 sa\u011flamaktad\u0131r.<\/p>\n<p>&nbsp;<\/p>\n<p style=\"text-align: justify;\">\u0130mren Plastik 2013 sonu itibar\u0131yla \u0130stanbul Mermerciler Sanayii Sitesi 18. Cadde No:11 K\u00f6seler 41455 Dilovas\u0131-Gebze KOCAELi adresinde 5000 metrekarelik bir alanda g\u00fc\u00e7l\u00fc makine park\u0131, m\u00fc\u015fteri odakl\u0131l\u0131k ruhu i\u00e7inde \u00e7al\u0131\u015fan personeli ve T\u00fcrkiye ve D\u00fcnya pazar\u0131nda s\u00fcrekli geli\u015fmek esasl\u0131 zihniyeti ile faaliyetine devam etmektedir.<\/p>\n<p>&nbsp;<\/p>\n<p style=\"text-align: justify;\">D\u00fcnya standartlar\u0131nda kalite g\u00fcvenceli \u00fcretim taahh\u00fcd\u00fcm\u00fcz\u00fc ortaya koymak i\u00e7in, T\u00fcrkiye ve uluslararas\u0131 otoritelerden ald\u0131\u011f\u0131m\u0131z kalite belgelerimiz:<br \/>\nTS EN ISO 9001:2008 \/ ISO 14001:2004 \/ OHSAS 18001:2007<\/p>\n<p>[\/vc_column_text][vc_separator type=&#8221;transparent&#8221; up=&#8221;111&#8243; down=&#8221;0&#8243;][\/vc_column_inner][vc_column_inner width=&#8221;1\/2&#8243;][vc_single_image image=&#8221;16217&#8243; img_size=&#8221;full&#8221; add_caption=&#8221;yes&#8221; alignment=&#8221;center&#8221; style=&#8221;vc_box_shadow_border&#8221; onclick=&#8221;link_image&#8221; qode_css_animation=&#8221;&#8221;][vc_separator type=&#8221;transparent&#8221; up=&#8221;10&#8243; down=&#8221;0&#8243;]<div class='q_progress_bar'><h6 class='progress_title_holder clearfix' style=''><span class='progress_title'><span>KAL\u0130TEL\u0130 \u00dcR\u00dcN<\/span><\/span><span class='progress_number' style=''><span>0<\/span>%<\/span><\/h6><div class='progress_content_outer' style=''><div data-percentage='100' class='progress_content' style=''><\/div><\/div><\/div><div class='q_progress_bar'><h6 class='progress_title_holder clearfix' style=''><span class='progress_title'><span>ZAMANINDA TESL\u0130M<\/span><\/span><span class='progress_number' style=''><span>0<\/span>%<\/span><\/h6><div class='progress_content_outer' style=''><div data-percentage='100' class='progress_content' style=''><\/div><\/div><\/div><div class='q_progress_bar'><h6 class='progress_title_holder clearfix' style=''><span class='progress_title'><span>S\u00dcREKL\u0130L\u0130K<\/span><\/span><span class='progress_number' style=''><span>0<\/span>%<\/span><\/h6><div class='progress_content_outer' style=''><div data-percentage='100' class='progress_content' style=''><\/div><\/div><\/div>[vc_separator type=&#8221;transparent&#8221; up=&#8221;111&#8243; down=&#8221;0&#8243;][\/vc_column_inner][\/vc_row_inner][\/vc_column][\/vc_row][vc_row row_type=&#8221;row&#8221; use_row_as_full_screen_section=&#8221;no&#8221; type=&#8221;grid&#8221; anchor=&#8221;portfolio&#8221; angled_section=&#8221;no&#8221; text_align=&#8221;left&#8221; background_image_as_pattern=&#8221;without_pattern&#8221; background_color=&#8221;#f8f8f8&#8243; border_color=&#8221;#eeeeee&#8221; padding_top=&#8221;50&#8243; padding_bottom=&#8221;0&#8243; css_animation=&#8221;&#8221;][vc_column width=&#8221;1\/2&#8243;][vc_column_text]<\/p>\n<h2 style=\"text-align: center;\">V\u0130ZYONUMUZ<\/h2>\n<p>[\/vc_column_text][vc_separator type=&#8221;small&#8221; position=&#8221;center&#8221; color=&#8221;#818181&#8243; up=&#8221;20&#8243; down=&#8221;20&#8243;][vc_column_text]<\/p>\n<p style=\"text-align: justify;\">D\u00fcnyan\u0131n \u00f6nde gelen y\u00fcksek kaliteli plastik enjeksiyon \u00fcr\u00fcn \u00fcreticilerinden biri olmak.<\/p>\n<p>[\/vc_column_text][vc_empty_space][\/vc_column][vc_column width=&#8221;1\/2&#8243;][vc_column_text]<\/p>\n<h2 style=\"text-align: center;\">M\u0130SYONUMUZ<\/h2>\n<p>[\/vc_column_text][vc_separator type=&#8221;small&#8221; position=&#8221;center&#8221; color=&#8221;#818181&#8243; up=&#8221;20&#8243; down=&#8221;20&#8243;][vc_column_text]<\/p>\n<ul>\n<li style=\"text-align: justify;\">\u00dcr\u00fcnlerimizin kalite kontrollerini en \u00fcst d\u00fczeyde yapmak.<\/li>\n<li style=\"text-align: justify;\">\u00dcretim ve sat\u0131\u015f faaliyetlerimizi \u00e7evreye duyarl\u0131 ve m\u00fc\u015fterilerimizin istekleri \u00e7er\u00e7evesinde s\u00fcrd\u00fcrmek.<\/li>\n<li style=\"text-align: justify;\">\u0130\u015f s\u00fcre\u00e7lerimizde \u00e7al\u0131\u015fanlar\u0131m\u0131z aras\u0131nda ekip ruhu ve i\u015fbirli\u011fi olu\u015fturmak.<\/li>\n<li style=\"text-align: justify;\">\u00dclke ekonomisine ve ya\u015fam kalitesine katk\u0131da bulunmak.<\/li>\n<\/ul>\n<p>[\/vc_column_text][vc_empty_space][\/vc_column][\/vc_row][vc_row row_type=&#8221;row&#8221; use_row_as_full_screen_section=&#8221;no&#8221; type=&#8221;grid&#8221; anchor=&#8221;portfolio&#8221; angled_section=&#8221;no&#8221; text_align=&#8221;left&#8221; background_image_as_pattern=&#8221;without_pattern&#8221; background_color=&#8221;#f8f8f8&#8243; border_color=&#8221;#eeeeee&#8221; padding_top=&#8221;50&#8243; padding_bottom=&#8221;0&#8243; css_animation=&#8221;&#8221;][vc_column width=&#8221;1\/2&#8243;][vc_gallery type=&#8221;nivo&#8221; interval=&#8221;5&#8243; images=&#8221;16624,16625,16626&#8243; img_size=&#8221;full&#8221;][vc_separator type=&#8221;normal&#8221; color=&#8221;#818181&#8243; up=&#8221;20&#8243; down=&#8221;65&#8243;][\/vc_column][vc_column width=&#8221;1\/2&#8243;][vc_gallery type=&#8221;nivo&#8221; interval=&#8221;3&#8243; images=&#8221;16627,16628,16629,16630&#8243; img_size=&#8221;full&#8221;][vc_separator type=&#8221;normal&#8221; color=&#8221;#818181&#8243; up=&#8221;20&#8243; down=&#8221;65&#8243;][\/vc_column][\/vc_row][vc_row row_type=&#8221;row&#8221; use_row_as_full_screen_section=&#8221;no&#8221; type=&#8221;grid&#8221; anchor=&#8221;portfolio&#8221; angled_section=&#8221;no&#8221; text_align=&#8221;left&#8221; background_image_as_pattern=&#8221;without_pattern&#8221; background_color=&#8221;#f8f8f8&#8243; border_color=&#8221;#eeeeee&#8221; padding_top=&#8221;50&#8243; padding_bottom=&#8221;50&#8243; css_animation=&#8221;&#8221;][vc_column width=&#8221;1\/2&#8243;][vc_column_text]<\/p>\n<h2 style=\"text-align: center;\">FABR\u0130KAMIZDAN G\u00d6R\u00dcNT\u00dcLER<\/h2>\n<p>[\/vc_column_text][vc_separator type=&#8221;small&#8221; position=&#8221;center&#8221; color=&#8221;#818181&#8243; up=&#8221;20&#8243; down=&#8221;20&#8243;][vc_column_text]<\/p>\n<p style=\"text-align: justify;\">\u0130mren Plastik yeni fabrikam\u0131z\u0131n k\u0131sa videosu ile \u00e7al\u0131\u015fma alan\u0131m\u0131z hakk\u0131nda fikir sahibi olabilirsiniz.<\/p>\n<p>[\/vc_column_text][vc_separator type=&#8221;transparent&#8221; up=&#8221;10&#8243; down=&#8221;10&#8243;][vc_separator type=&#8221;transparent&#8221; up=&#8221;10&#8243; down=&#8221;10&#8243;][\/vc_column][vc_column width=&#8221;1\/2&#8243;][vc_video link=&#8221;https:\/\/youtu.be\/ExZIBmpkTsQ&#8221;][\/vc_column][\/vc_row]<\/p>\n","protected":false},"excerpt":{"rendered":"<p>[vc_row row_type=&#8221;row&#8221; use_row_as_full_screen_section=&#8221;no&#8221; type=&#8221;grid&#8221; anchor=&#8221;portfolio&#8221; angled_section=&#8221;no&#8221; text_align=&#8221;left&#8221; background_image_as_pattern=&#8221;without_pattern&#8221; background_color=&#8221;#ffffff&#8221; border_color=&#8221;#eeeeee&#8221; padding_top=&#8221;82&#8243; padding_bottom=&#8221;0&#8243; css_animation=&#8221;&#8221;][vc_column][vc_column_text] HAKKIMIZDA [\/vc_column_text][vc_separator type=&#8221;small&#8221; position=&#8221;center&#8221; color=&#8221;#818181&#8243; up=&#8221;20&#8243; down=&#8221;80&#8243;][vc_row_inner row_type=&#8221;row&#8221; type=&#8221;full_width&#8221; text_align=&#8221;left&#8221; css_animation=&#8221;&#8221;][vc_column_inner width=&#8221;1\/2&#8243;][vc_column_text] HAKKIMIZDA [\/vc_column_text][vc_separator type=&#8221;transparent&#8221; up=&#8221;12&#8243; down=&#8221;0&#8243;][vc_column_text] \u0130mren Plastik Sanayi ve Ticaret Limited \u015eirketi 1987 y\u0131l\u0131nda kurulmu\u015ftur. Firmam\u0131z plastik enjeksiyon imalat\u0131 ve&#8230;<\/p>\n","protected":false},"author":1,"featured_media":0,"parent":0,"menu_order":0,"comment_status":"open","ping_status":"open","template":"full_width.php","meta":{"footnotes":""},"_links":{"self":[{"href":"https:\/\/www.imrenplastik.com.tr\/tr\/wp-json\/wp\/v2\/pages\/15284"}],"collection":[{"href":"https:\/\/www.imrenplastik.com.tr\/tr\/wp-json\/wp\/v2\/pages"}],"about":[{"href":"https:\/\/www.imrenplastik.com.tr\/tr\/wp-json\/wp\/v2\/types\/page"}],"author":[{"embeddable":true,"href":"https:\/\/www.imrenplastik.com.tr\/tr\/wp-json\/wp\/v2\/users\/1"}],"replies":[{"embeddable":true,"href":"https:\/\/www.imrenplastik.com.tr\/tr\/wp-json\/wp\/v2\/comments?post=15284"}],"version-history":[{"count":44,"href":"https:\/\/www.imrenplastik.com.tr\/tr\/wp-json\/wp\/v2\/pages\/15284\/revisions"}],"predecessor-version":[{"id":16666,"href":"https:\/\/www.imrenplastik.com.tr\/tr\/wp-json\/wp\/v2\/pages\/15284\/revisions\/16666"}],"wp:attachment":[{"href":"https:\/\/www.imrenplastik.com.tr\/tr\/wp-json\/wp\/v2\/media?parent=15284"}],"curies":[{"name":"wp","href":"https:\/\/api.w.org\/{rel}","templated":true}]}}