{"id":15234,"date":"2014-04-30T15:47:48","date_gmt":"2014-04-30T15:47:48","guid":{"rendered":"http:\/\/demo.qodeinteractive.com\/bridge3\/?page_id=15234"},"modified":"2019-11-15T23:52:11","modified_gmt":"2019-11-15T20:52:11","slug":"home","status":"publish","type":"page","link":"https:\/\/www.imrenplastik.com.tr\/tr\/","title":{"rendered":"ANA SAYFA"},"content":{"rendered":"<p>[vc_row row_type=&#8221;row&#8221; use_row_as_full_screen_section=&#8221;no&#8221; type=&#8221;full_width&#8221; angled_section=&#8221;no&#8221; text_align=&#8221;left&#8221; background_image_as_pattern=&#8221;without_pattern&#8221; background_color=&#8221;#ffffff&#8221; border_color=&#8221;#eeeeee&#8221; padding_top=&#8221;0&#8243; css_animation=&#8221;&#8221;][vc_column css=&#8221;.vc_custom_1476697415478{padding-top: 0px !important;}&#8221;]<div class=\"call_to_action normal\" style=\"background-color: #f8f8f8;\"><div class=\"container_inner\"><div class=\"two_columns_75_25 clearfix\"><div class=\"text_wrapper column1\"><div class=\"call_to_action_text  font_size_inherit\" style=\"font-size:16px;\"><span style=\"color: #303030;\">\u0130MREN PLAST\u0130K &#8211; Plastik Enjeksiyon \u0130malat\u0131 ve Kal\u0131p \u0130malat\u0131.<\/span><\/div><\/div><div class=\"button_wrapper column2\"><a itemprop=\"url\" href=\"http:\/\/www.imrenplastik.com.tr\/tr\/imren-plastik-iletisim\/\" class=\"qbutton white small\" target=\"\" style=\"border-color: #91b2c3;background-color: #91b2c3;\"data-hover-background-color=#303030 data-hover-border-color=#303030 >B\u0130ZE ULA\u015eIN<\/a><\/div><\/div><\/div><\/div>[\/vc_column][\/vc_row][vc_row row_type=&#8221;row&#8221; use_row_as_full_screen_section=&#8221;no&#8221; type=&#8221;grid&#8221; anchor=&#8221;portfolio&#8221; angled_section=&#8221;no&#8221; text_align=&#8221;left&#8221; background_image_as_pattern=&#8221;without_pattern&#8221; background_color=&#8221;#ffffff&#8221; border_color=&#8221;#eeeeee&#8221; padding_top=&#8221;73&#8243; padding_bottom=&#8221;0&#8243; css_animation=&#8221;&#8221;][vc_column][vc_column_text]<\/p>\n<h2 style=\"text-align: center;\">\u0130MREN PLAST\u0130K<\/h2>\n<p>[\/vc_column_text][vc_separator type=&#8221;small&#8221; position=&#8221;center&#8221; color=&#8221;#818181&#8243; up=&#8221;20&#8243; down=&#8221;20&#8243;][vc_column_text]<\/p>\n<p style=\"text-align: center;\">Plastik Enjeksiyon \u0130malat\u0131 ve Kal\u0131p \u0130malat\u0131 ana konular\u0131nda, m\u00fc\u015fterilerimizin \u00fcr\u00fcn geli\u015ftirme s\u00fcre\u00e7lerine katk\u0131da bulunan, alan\u0131nda e\u011fitimli uzman m\u00fchendis ve teknik\u00a0 kadrolar\u0131m\u0131z ile hizmet verilmekteyiz.<\/p>\n<p>[\/vc_column_text][vc_separator type=&#8221;transparent&#8221; up=&#8221;45&#8243; down=&#8221;18&#8243;][vc_row_inner row_type=&#8221;row&#8221; type=&#8221;full_width&#8221; text_align=&#8221;left&#8221; css_animation=&#8221;&#8221;][vc_column_inner width=&#8221;1\/3&#8243;][vc_single_image image=&#8221;16106&#8243; img_size=&#8221;full&#8221; qode_css_animation=&#8221;&#8221;][vc_separator type=&#8221;transparent&#8221; up=&#8221;25&#8243; down=&#8221;0&#8243;][vc_column_text]<\/p>\n<h5><a href=\"http:\/\/www.imrenplastik.com.tr\/tr\/sureclerimiz\/\">S\u00dcRE\u00c7LER\u0130M\u0130Z<\/a><\/h5>\n<p>[\/vc_column_text][vc_separator type=&#8221;transparent&#8221; up=&#8221;6&#8243; down=&#8221;0&#8243;][vc_column_text]End\u00fcstriyel ve mekanik tasar\u0131mlar\u0131 da dahil olmak \u00fczere, kal\u0131p ve son \u00fcr\u00fcn imalatlar\u0131n\u0131z\u0131 ger\u00e7ekle\u015ftirmekteyiz.[\/vc_column_text][vc_separator type=&#8221;transparent&#8221; up=&#8221;76&#8243; down=&#8221;0&#8243;][\/vc_column_inner][vc_column_inner width=&#8221;1\/3&#8243;][vc_single_image image=&#8221;16109&#8243; img_size=&#8221;full&#8221; qode_css_animation=&#8221;&#8221;][vc_separator type=&#8221;transparent&#8221; up=&#8221;25&#8243; down=&#8221;0&#8243;][vc_column_text]<\/p>\n<h5><a href=\"http:\/\/www.imrenplastik.com.tr\/tr\/faaliyet-alanlarimiz\/\">FAAL\u0130YET ALANLARIMIZ<\/a><\/h5>\n<p>[\/vc_column_text][vc_separator type=&#8221;transparent&#8221; up=&#8221;6&#8243; down=&#8221;0&#8243;][vc_column_text]Farkl\u0131 sekt\u00f6rlerde, alan\u0131nda lider firmalarla \u00e7al\u0131\u015fmalar\u0131m\u0131z\u0131 s\u00fcrd\u00fcrmekteyiz.[\/vc_column_text][vc_separator type=&#8221;transparent&#8221; up=&#8221;76&#8243; down=&#8221;0&#8243;][\/vc_column_inner][vc_column_inner width=&#8221;1\/3&#8243;][vc_single_image image=&#8221;16108&#8243; img_size=&#8221;full&#8221; qode_css_animation=&#8221;&#8221;][vc_separator type=&#8221;transparent&#8221; up=&#8221;25&#8243; down=&#8221;0&#8243;][vc_column_text]<\/p>\n<h5><a href=\"http:\/\/www.imrenplastik.com.tr\/tr\/teknik-altyapimiz\/\">TEKN\u0130K ALTYAPIMIZ<\/a><\/h5>\n<p>[\/vc_column_text][vc_separator type=&#8221;transparent&#8221; up=&#8221;6&#8243; down=&#8221;0&#8243;][vc_column_text]\u00dcretim alan\u0131m\u0131zda, 100 tondan 250 tona kadar son Alman teknolojisi ile \u00fcretilmi\u015f geni\u015f enjeksiyon makine park\u0131m\u0131z,nihai \u00fcr\u00fcn\u00fc gerekli testlere tabi tutacak kalite kontrol ekibimiz ve test ekipman\u0131m\u0131z ile hizmet verilmektedir.[\/vc_column_text][vc_separator type=&#8221;transparent&#8221; up=&#8221;76&#8243; down=&#8221;0&#8243;][\/vc_column_inner][\/vc_row_inner][\/vc_column][\/vc_row][vc_row row_type=&#8221;row&#8221; use_row_as_full_screen_section=&#8221;no&#8221; type=&#8221;full_width&#8221; anchor=&#8221;portfolio&#8221; angled_section=&#8221;no&#8221; text_align=&#8221;left&#8221; background_image_as_pattern=&#8221;without_pattern&#8221; background_color=&#8221;#ffffff&#8221; border_color=&#8221;#eeeeee&#8221; padding_top=&#8221;80&#8243; padding_bottom=&#8221;50&#8243; css_animation=&#8221;&#8221;][vc_column][vc_column_text]<\/p>\n<h2 style=\"text-align: center;\">\u00dcR\u00dcNLER\u0130M\u0130Z<\/h2>\n<p>[\/vc_column_text][vc_separator type=&#8221;small&#8221; position=&#8221;center&#8221; color=&#8221;#818181&#8243; up=&#8221;20&#8243; down=&#8221;50&#8243;]<div class='projects_holder_outer v4 portfolio_with_space portfolio_standard '><div class='projects_holder portfolio_main_holder clearfix v4 standard portfolio_full_image '>\n<article class='mix portfolio_category_135 ' style=''><div class=\"item_holder thin_plus_only\"><div class=\"text_holder\"><div class=\"text_holder_outer\"><div class=\"text_holder_inner\"><span class=\"thin_plus_only_icon\"><\/span><\/div><\/div><\/div><a itemprop=\"url\" class=\"portfolio_link_class\" title=\"ELEKTR\u0130K ELEKTRON\u0130K \u00dcR\u00dcNLER\" href=\"https:\/\/www.imrenplastik.com.tr\/tr\/urunler\/elektrik-elektronik-urunler\/\"><\/a><div  class=\"portfolio_shader\"><\/div><div class=\"image_holder\"><span class=\"image\"><img loading=\"lazy\" decoding=\"async\" width=\"1100\" height=\"600\" src=\"https:\/\/www.imrenplastik.com.tr\/wp-content\/uploads\/2016\/05\/elektrik-elektronik-plastik-kalip-01.jpg\" class=\"attachment-full size-full wp-post-image\" alt=\"\" srcset=\"https:\/\/www.imrenplastik.com.tr\/wp-content\/uploads\/2016\/05\/elektrik-elektronik-plastik-kalip-01.jpg 1100w, https:\/\/www.imrenplastik.com.tr\/wp-content\/uploads\/2016\/05\/elektrik-elektronik-plastik-kalip-01-300x164.jpg 300w, https:\/\/www.imrenplastik.com.tr\/wp-content\/uploads\/2016\/05\/elektrik-elektronik-plastik-kalip-01-768x419.jpg 768w, https:\/\/www.imrenplastik.com.tr\/wp-content\/uploads\/2016\/05\/elektrik-elektronik-plastik-kalip-01-1024x559.jpg 1024w, https:\/\/www.imrenplastik.com.tr\/wp-content\/uploads\/2016\/05\/elektrik-elektronik-plastik-kalip-01-700x382.jpg 700w\" sizes=\"(max-width: 1100px) 100vw, 1100px\" \/><\/span><\/div><\/div><div class='portfolio_description ' style=border-style:solid;border-color:#eeeeee;background-color:#f8f8f8;'><h5 itemprop=\"headings\" class=\"portfolio_title entry_title\"><a itemprop=\"url\" href=\"https:\/\/www.imrenplastik.com.tr\/tr\/urunler\/elektrik-elektronik-urunler\/\" target=\"_self\" >ELEKTR\u0130K ELEKTRON\u0130K \u00dcR\u00dcNLER<\/a><\/h5><span class=\"project_category\" >\u00dcr\u00fcnler<\/span><\/div><\/article>\n<article class='mix portfolio_category_135 ' style=''><div class=\"item_holder thin_plus_only\"><div class=\"text_holder\"><div class=\"text_holder_outer\"><div class=\"text_holder_inner\"><span class=\"thin_plus_only_icon\"><\/span><\/div><\/div><\/div><a itemprop=\"url\" class=\"portfolio_link_class\" title=\"KALIPLAR\" href=\"https:\/\/www.imrenplastik.com.tr\/tr\/urunler\/kaliplar\/\"><\/a><div  class=\"portfolio_shader\"><\/div><div class=\"image_holder\"><span class=\"image\"><img loading=\"lazy\" decoding=\"async\" width=\"1100\" height=\"600\" src=\"https:\/\/www.imrenplastik.com.tr\/wp-content\/uploads\/2016\/05\/11.jpg\" class=\"attachment-full size-full wp-post-image\" alt=\"\" srcset=\"https:\/\/www.imrenplastik.com.tr\/wp-content\/uploads\/2016\/05\/11.jpg 1100w, https:\/\/www.imrenplastik.com.tr\/wp-content\/uploads\/2016\/05\/11-300x164.jpg 300w, https:\/\/www.imrenplastik.com.tr\/wp-content\/uploads\/2016\/05\/11-768x419.jpg 768w, https:\/\/www.imrenplastik.com.tr\/wp-content\/uploads\/2016\/05\/11-1024x559.jpg 1024w, https:\/\/www.imrenplastik.com.tr\/wp-content\/uploads\/2016\/05\/11-700x382.jpg 700w\" sizes=\"(max-width: 1100px) 100vw, 1100px\" \/><\/span><\/div><\/div><div class='portfolio_description ' style=border-style:solid;border-color:#eeeeee;background-color:#f8f8f8;'><h5 itemprop=\"headings\" class=\"portfolio_title entry_title\"><a itemprop=\"url\" href=\"https:\/\/www.imrenplastik.com.tr\/tr\/urunler\/kaliplar\/\" target=\"_self\" >KALIPLAR<\/a><\/h5><span class=\"project_category\" >\u00dcr\u00fcnler<\/span><\/div><\/article>\n<article class='mix portfolio_category_135 ' style=''><div class=\"item_holder thin_plus_only\"><div class=\"text_holder\"><div class=\"text_holder_outer\"><div class=\"text_holder_inner\"><span class=\"thin_plus_only_icon\"><\/span><\/div><\/div><\/div><a itemprop=\"url\" class=\"portfolio_link_class\" title=\"MOB\u0130LYA \u00dcR\u00dcNLER\u0130\" href=\"https:\/\/www.imrenplastik.com.tr\/tr\/urunler\/mobilya-urunleri\/\"><\/a><div  class=\"portfolio_shader\"><\/div><div class=\"image_holder\"><span class=\"image\"><img loading=\"lazy\" decoding=\"async\" width=\"1100\" height=\"600\" src=\"https:\/\/www.imrenplastik.com.tr\/wp-content\/uploads\/2016\/05\/mobilya-parcalari-1.jpg\" class=\"attachment-full size-full wp-post-image\" alt=\"\" srcset=\"https:\/\/www.imrenplastik.com.tr\/wp-content\/uploads\/2016\/05\/mobilya-parcalari-1.jpg 1100w, https:\/\/www.imrenplastik.com.tr\/wp-content\/uploads\/2016\/05\/mobilya-parcalari-1-300x164.jpg 300w, https:\/\/www.imrenplastik.com.tr\/wp-content\/uploads\/2016\/05\/mobilya-parcalari-1-768x419.jpg 768w, https:\/\/www.imrenplastik.com.tr\/wp-content\/uploads\/2016\/05\/mobilya-parcalari-1-1024x559.jpg 1024w, https:\/\/www.imrenplastik.com.tr\/wp-content\/uploads\/2016\/05\/mobilya-parcalari-1-700x382.jpg 700w\" sizes=\"(max-width: 1100px) 100vw, 1100px\" \/><\/span><\/div><\/div><div class='portfolio_description ' style=border-style:solid;border-color:#eeeeee;background-color:#f8f8f8;'><h5 itemprop=\"headings\" class=\"portfolio_title entry_title\"><a itemprop=\"url\" href=\"https:\/\/www.imrenplastik.com.tr\/tr\/urunler\/mobilya-urunleri\/\" target=\"_self\" >MOB\u0130LYA \u00dcR\u00dcNLER\u0130<\/a><\/h5><span class=\"project_category\" >\u00dcr\u00fcnler<\/span><\/div><\/article>\n<article class='mix portfolio_category_135 ' style=''><div class=\"item_holder thin_plus_only\"><div class=\"text_holder\"><div class=\"text_holder_outer\"><div class=\"text_holder_inner\"><span class=\"thin_plus_only_icon\"><\/span><\/div><\/div><\/div><a itemprop=\"url\" class=\"portfolio_link_class\" title=\"OTOMOT\u0130V \u00dcR\u00dcNLER\u0130\" href=\"https:\/\/www.imrenplastik.com.tr\/tr\/urunler\/otomotiv-urunleri\/\"><\/a><div  class=\"portfolio_shader\"><\/div><div class=\"image_holder\"><span class=\"image\"><img loading=\"lazy\" decoding=\"async\" width=\"1100\" height=\"600\" src=\"https:\/\/www.imrenplastik.com.tr\/wp-content\/uploads\/2016\/05\/1.jpg\" class=\"attachment-full size-full wp-post-image\" alt=\"\" srcset=\"https:\/\/www.imrenplastik.com.tr\/wp-content\/uploads\/2016\/05\/1.jpg 1100w, https:\/\/www.imrenplastik.com.tr\/wp-content\/uploads\/2016\/05\/1-300x164.jpg 300w, https:\/\/www.imrenplastik.com.tr\/wp-content\/uploads\/2016\/05\/1-768x419.jpg 768w, https:\/\/www.imrenplastik.com.tr\/wp-content\/uploads\/2016\/05\/1-1024x559.jpg 1024w, https:\/\/www.imrenplastik.com.tr\/wp-content\/uploads\/2016\/05\/1-700x382.jpg 700w\" sizes=\"(max-width: 1100px) 100vw, 1100px\" \/><\/span><\/div><\/div><div class='portfolio_description ' style=border-style:solid;border-color:#eeeeee;background-color:#f8f8f8;'><h5 itemprop=\"headings\" class=\"portfolio_title entry_title\"><a itemprop=\"url\" href=\"https:\/\/www.imrenplastik.com.tr\/tr\/urunler\/otomotiv-urunleri\/\" target=\"_self\" >OTOMOT\u0130V \u00dcR\u00dcNLER\u0130<\/a><\/h5><span class=\"project_category\" >\u00dcr\u00fcnler<\/span><\/div><\/article>\n<div class='filler'><\/div>\n<div class='filler'><\/div>\n<div class='filler'><\/div>\n<div class='filler'><\/div>\n<\/div><\/div>[\/vc_column][\/vc_row]<\/p>\n","protected":false},"excerpt":{"rendered":"<p>[vc_row row_type=&#8221;row&#8221; use_row_as_full_screen_section=&#8221;no&#8221; type=&#8221;full_width&#8221; angled_section=&#8221;no&#8221; text_align=&#8221;left&#8221; background_image_as_pattern=&#8221;without_pattern&#8221; background_color=&#8221;#ffffff&#8221; border_color=&#8221;#eeeeee&#8221; padding_top=&#8221;0&#8243; css_animation=&#8221;&#8221;][vc_column css=&#8221;.vc_custom_1476697415478{padding-top: 0px !important;}&#8221;][\/vc_column][\/vc_row][vc_row row_type=&#8221;row&#8221; use_row_as_full_screen_section=&#8221;no&#8221; type=&#8221;grid&#8221; anchor=&#8221;portfolio&#8221; angled_section=&#8221;no&#8221; text_align=&#8221;left&#8221; background_image_as_pattern=&#8221;without_pattern&#8221; background_color=&#8221;#ffffff&#8221; border_color=&#8221;#eeeeee&#8221; padding_top=&#8221;73&#8243; padding_bottom=&#8221;0&#8243; css_animation=&#8221;&#8221;][vc_column][vc_column_text] \u0130MREN PLAST\u0130K [\/vc_column_text][vc_separator type=&#8221;small&#8221; position=&#8221;center&#8221; color=&#8221;#818181&#8243; up=&#8221;20&#8243; down=&#8221;20&#8243;][vc_column_text] Plastik Enjeksiyon \u0130malat\u0131 ve Kal\u0131p \u0130malat\u0131 ana konular\u0131nda, m\u00fc\u015fterilerimizin \u00fcr\u00fcn geli\u015ftirme&#8230;<\/p>\n","protected":false},"author":1,"featured_media":0,"parent":0,"menu_order":0,"comment_status":"open","ping_status":"open","template":"full_width.php","meta":{"footnotes":""},"_links":{"self":[{"href":"https:\/\/www.imrenplastik.com.tr\/tr\/wp-json\/wp\/v2\/pages\/15234"}],"collection":[{"href":"https:\/\/www.imrenplastik.com.tr\/tr\/wp-json\/wp\/v2\/pages"}],"about":[{"href":"https:\/\/www.imrenplastik.com.tr\/tr\/wp-json\/wp\/v2\/types\/page"}],"author":[{"embeddable":true,"href":"https:\/\/www.imrenplastik.com.tr\/tr\/wp-json\/wp\/v2\/users\/1"}],"replies":[{"embeddable":true,"href":"https:\/\/www.imrenplastik.com.tr\/tr\/wp-json\/wp\/v2\/comments?post=15234"}],"version-history":[{"count":26,"href":"https:\/\/www.imrenplastik.com.tr\/tr\/wp-json\/wp\/v2\/pages\/15234\/revisions"}],"predecessor-version":[{"id":16689,"href":"https:\/\/www.imrenplastik.com.tr\/tr\/wp-json\/wp\/v2\/pages\/15234\/revisions\/16689"}],"wp:attachment":[{"href":"https:\/\/www.imrenplastik.com.tr\/tr\/wp-json\/wp\/v2\/media?parent=15234"}],"curies":[{"name":"wp","href":"https:\/\/api.w.org\/{rel}","templated":true}]}}