{"id":13891,"date":"2014-03-26T08:17:14","date_gmt":"2014-03-26T08:17:14","guid":{"rendered":"http:\/\/demo.qodeinteractive.com\/bridge3\/?page_id=13891"},"modified":"2016-05-11T21:07:02","modified_gmt":"2016-05-11T18:07:02","slug":"imren-plastik-galeri","status":"publish","type":"page","link":"https:\/\/www.imrenplastik.com.tr\/tr\/imren-plastik-galeri\/","title":{"rendered":"\u0130MREN PLAST\u0130K FOTO\u011eRAFLAR"},"content":{"rendered":"<p>[vc_row row_type=&#8221;row&#8221; use_row_as_full_screen_section=&#8221;no&#8221; type=&#8221;full_width&#8221; angled_section=&#8221;no&#8221; text_align=&#8221;left&#8221; background_image_as_pattern=&#8221;without_pattern&#8221; background_color=&#8221;#ffffff&#8221; padding_top=&#8221;73&#8243; padding_bottom=&#8221;0&#8243; css_animation=&#8221;&#8221;][vc_column][vc_column_text]<\/p>\n<h2 style=\"text-align: center;\">\u0130MREN PLAST\u0130K &#8211; FABR\u0130KAMIZDAN G\u00d6R\u00dcNT\u00dcLER<\/h2>\n<p>[\/vc_column_text][vc_separator type=&#8221;small&#8221; position=&#8221;center&#8221; up=&#8221;20&#8243; down=&#8221;80&#8243;][\/vc_column][\/vc_row][vc_row row_type=&#8221;row&#8221; use_row_as_full_screen_section=&#8221;no&#8221; type=&#8221;grid&#8221; angled_section=&#8221;no&#8221; text_align=&#8221;left&#8221; background_image_as_pattern=&#8221;without_pattern&#8221; css_animation=&#8221;&#8221;][vc_column][vc_gallery type=&#8221;image_grid&#8221; images=&#8221;16261,16262,16234,16264,16258,16223,16222,16255,16256,16257,16253,16254,16251,16252,16230,16231,16229,16250,16228,16259,16260,16243&#8243; img_size=&#8221;600&#215;400&#8243; column_number=&#8221;4&#8243; grayscale=&#8221;no&#8221; images_space=&#8221;gallery_with_space&#8221;][\/vc_column][\/vc_row]<\/p>\n","protected":false},"excerpt":{"rendered":"<p>[vc_row row_type=&#8221;row&#8221; use_row_as_full_screen_section=&#8221;no&#8221; type=&#8221;full_width&#8221; angled_section=&#8221;no&#8221; text_align=&#8221;left&#8221; background_image_as_pattern=&#8221;without_pattern&#8221; background_color=&#8221;#ffffff&#8221; padding_top=&#8221;73&#8243; padding_bottom=&#8221;0&#8243; css_animation=&#8221;&#8221;][vc_column][vc_column_text] \u0130MREN PLAST\u0130K &#8211; FABR\u0130KAMIZDAN G\u00d6R\u00dcNT\u00dcLER [\/vc_column_text][vc_separator type=&#8221;small&#8221; position=&#8221;center&#8221; up=&#8221;20&#8243; down=&#8221;80&#8243;][\/vc_column][\/vc_row][vc_row row_type=&#8221;row&#8221; use_row_as_full_screen_section=&#8221;no&#8221; type=&#8221;grid&#8221; angled_section=&#8221;no&#8221; text_align=&#8221;left&#8221; background_image_as_pattern=&#8221;without_pattern&#8221; css_animation=&#8221;&#8221;][vc_column][vc_gallery type=&#8221;image_grid&#8221; images=&#8221;16261,16262,16234,16264,16258,16223,16222,16255,16256,16257,16253,16254,16251,16252,16230,16231,16229,16250,16228,16259,16260,16243&#8243; img_size=&#8221;600&#215;400&#8243; column_number=&#8221;4&#8243; grayscale=&#8221;no&#8221; images_space=&#8221;gallery_with_space&#8221;][\/vc_column][\/vc_row]<\/p>\n","protected":false},"author":1,"featured_media":0,"parent":0,"menu_order":0,"comment_status":"open","ping_status":"open","template":"full_width.php","meta":{"footnotes":""},"_links":{"self":[{"href":"https:\/\/www.imrenplastik.com.tr\/tr\/wp-json\/wp\/v2\/pages\/13891"}],"collection":[{"href":"https:\/\/www.imrenplastik.com.tr\/tr\/wp-json\/wp\/v2\/pages"}],"about":[{"href":"https:\/\/www.imrenplastik.com.tr\/tr\/wp-json\/wp\/v2\/types\/page"}],"author":[{"embeddable":true,"href":"https:\/\/www.imrenplastik.com.tr\/tr\/wp-json\/wp\/v2\/users\/1"}],"replies":[{"embeddable":true,"href":"https:\/\/www.imrenplastik.com.tr\/tr\/wp-json\/wp\/v2\/comments?post=13891"}],"version-history":[{"count":10,"href":"https:\/\/www.imrenplastik.com.tr\/tr\/wp-json\/wp\/v2\/pages\/13891\/revisions"}],"predecessor-version":[{"id":16271,"href":"https:\/\/www.imrenplastik.com.tr\/tr\/wp-json\/wp\/v2\/pages\/13891\/revisions\/16271"}],"wp:attachment":[{"href":"https:\/\/www.imrenplastik.com.tr\/tr\/wp-json\/wp\/v2\/media?parent=13891"}],"curies":[{"name":"wp","href":"https:\/\/api.w.org\/{rel}","templated":true}]}}